{"id":191444,"date":"2025-03-25T13:11:39","date_gmt":"2025-03-25T12:11:55","guid":{"rendered":"https:\/\/www.laperlavalles.cat\/product\/vitals-olive-oil-antibreakage-neutral-xampu-8oz\/"},"modified":"2025-05-12T16:06:31","modified_gmt":"2025-05-12T14:06:31","slug":"vitals-olive-oil-antibreakage-neutral-xampu-8oz","status":"publish","type":"product","link":"https:\/\/www.laperlavalles.cat\/fr\/produit\/vitals-olive-oil-antibreakage-neutral-xampu-8oz\/","title":{"rendered":"VITALS OLIVE OIL ANTIBREAKAGE NEUTRAL. XAMP\u00da 8OZ"},"content":{"rendered":"<p>VITALE Olive Oil Anti-Breakage Neutralizing Shampoo est un shampooing neutralisant con\u00e7u pour nettoyer en profondeur les cheveux, \u00e9liminer les r\u00e9sidus de produits chimiques et pr\u00e9venir la casse, enrichi en huile d&rsquo;olive pour renforcer, d\u00e9m\u00ealer et hydrater les cheveux, les laissant doux et faciles \u00e0 coiffer.<\/p>\n","protected":false},"excerpt":{"rendered":"<p>VITALE Olive Oil Anti-Breakage Neutralizing Shampoo est un shampooing neutralisant con\u00e7u pour nettoyer en profondeur les cheveux, \u00e9liminer les r\u00e9sidus de produits chimiques et pr\u00e9venir la<span class=\"excerpt-hellip\"> [\u2026]<\/span><\/p>\n","protected":false},"featured_media":191427,"comment_status":"open","ping_status":"closed","template":"","meta":[],"product_cat":[8461,24331],"product_tag":[],"_links":{"self":[{"href":"https:\/\/www.laperlavalles.cat\/fr\/wp-json\/wp\/v2\/product\/191444"}],"collection":[{"href":"https:\/\/www.laperlavalles.cat\/fr\/wp-json\/wp\/v2\/product"}],"about":[{"href":"https:\/\/www.laperlavalles.cat\/fr\/wp-json\/wp\/v2\/types\/product"}],"replies":[{"embeddable":true,"href":"https:\/\/www.laperlavalles.cat\/fr\/wp-json\/wp\/v2\/comments?post=191444"}],"wp:featuredmedia":[{"embeddable":true,"href":"https:\/\/www.laperlavalles.cat\/fr\/wp-json\/wp\/v2\/media\/191427"}],"wp:attachment":[{"href":"https:\/\/www.laperlavalles.cat\/fr\/wp-json\/wp\/v2\/media?parent=191444"}],"wp:term":[{"taxonomy":"product_cat","embeddable":true,"href":"https:\/\/www.laperlavalles.cat\/fr\/wp-json\/wp\/v2\/product_cat?post=191444"},{"taxonomy":"product_tag","embeddable":true,"href":"https:\/\/www.laperlavalles.cat\/fr\/wp-json\/wp\/v2\/product_tag?post=191444"}],"curies":[{"name":"wp","href":"https:\/\/api.w.org\/{rel}","templated":true}]}}