{"id":191464,"date":"2025-03-25T13:13:32","date_gmt":"2025-03-25T12:13:49","guid":{"rendered":"https:\/\/www.laperlavalles.cat\/product\/originals-africas-best-olive-oil-relaxer-kit-super-2app\/"},"modified":"2025-05-05T15:41:46","modified_gmt":"2025-05-05T13:41:46","slug":"originals-africas-best-olive-oil-relaxer-kit-super-2app","status":"publish","type":"product","link":"https:\/\/www.laperlavalles.cat\/fr\/produit\/originals-africas-best-olive-oil-relaxer-kit-super-2app\/","title":{"rendered":"ORIGINALS AFRICA&rsquo;S BEST OLIVE OIL RELAXER KIT SUPER 2APP"},"content":{"rendered":"<p>ORIGINALS AFRICA&rsquo;S BEST Kit D\u00e9frisant \u00e0 l&rsquo;Huile d&rsquo;Olive Super 2 Applications \u2013 Syst\u00e8me de d\u00e9frisage enrichi en huile d&rsquo;olive pour nourrir et lisser les cheveux tout en r\u00e9duisant les frisottis.<\/p>\n","protected":false},"excerpt":{"rendered":"<p>ORIGINALS AFRICA&rsquo;S BEST Kit D\u00e9frisant \u00e0 l&rsquo;Huile d&rsquo;Olive Super 2 Applications \u2013 Syst\u00e8me de d\u00e9frisage enrichi en huile d&rsquo;olive pour nourrir et lisser les cheveux tout<span class=\"excerpt-hellip\"> [\u2026]<\/span><\/p>\n","protected":false},"featured_media":191447,"comment_status":"open","ping_status":"closed","template":"","meta":[],"product_cat":[8461,24331],"product_tag":[],"_links":{"self":[{"href":"https:\/\/www.laperlavalles.cat\/fr\/wp-json\/wp\/v2\/product\/191464"}],"collection":[{"href":"https:\/\/www.laperlavalles.cat\/fr\/wp-json\/wp\/v2\/product"}],"about":[{"href":"https:\/\/www.laperlavalles.cat\/fr\/wp-json\/wp\/v2\/types\/product"}],"replies":[{"embeddable":true,"href":"https:\/\/www.laperlavalles.cat\/fr\/wp-json\/wp\/v2\/comments?post=191464"}],"wp:featuredmedia":[{"embeddable":true,"href":"https:\/\/www.laperlavalles.cat\/fr\/wp-json\/wp\/v2\/media\/191447"}],"wp:attachment":[{"href":"https:\/\/www.laperlavalles.cat\/fr\/wp-json\/wp\/v2\/media?parent=191464"}],"wp:term":[{"taxonomy":"product_cat","embeddable":true,"href":"https:\/\/www.laperlavalles.cat\/fr\/wp-json\/wp\/v2\/product_cat?post=191464"},{"taxonomy":"product_tag","embeddable":true,"href":"https:\/\/www.laperlavalles.cat\/fr\/wp-json\/wp\/v2\/product_tag?post=191464"}],"curies":[{"name":"wp","href":"https:\/\/api.w.org\/{rel}","templated":true}]}}