{"id":191524,"date":"2025-03-25T13:23:22","date_gmt":"2025-03-25T12:23:40","guid":{"rendered":"https:\/\/www.laperlavalles.cat\/product\/vitals-olive-oil-antibreakage-no-base-relaxer-superior-20oz\/"},"modified":"2025-05-12T16:04:35","modified_gmt":"2025-05-12T14:04:35","slug":"vitals-olive-oil-antibreakage-no-base-relaxer-superior-20oz","status":"publish","type":"product","link":"https:\/\/www.laperlavalles.cat\/fr\/produit\/vitals-olive-oil-antibreakage-no-base-relaxer-superior-20oz\/","title":{"rendered":"VITALS OLIVE OIL ANTIBREAKAGE NO BASE RELAXER SUPERIOR 20OZ"},"content":{"rendered":"<p>Le Vitale Olive Oil Anti-Breakage No Base Relaxer Super 20oz est un d\u00e9frisant avanc\u00e9 \u00e0 base d&rsquo;hydroxyde de sodium, enrichi en huile d&rsquo;olive et beurre de karit\u00e9, con\u00e7u pour lisser les cheveux de mani\u00e8re douce et saine. L&rsquo;huile d&rsquo;olive offre un excellent conditionnement pendant le processus de d\u00e9frisage, tandis que le beurre de karit\u00e9 aide \u00e0 renforcer les cheveux et \u00e0 pr\u00e9venir la casse.<\/p>\n","protected":false},"excerpt":{"rendered":"<p>Le Vitale Olive Oil Anti-Breakage No Base Relaxer Super 20oz est un d\u00e9frisant avanc\u00e9 \u00e0 base d&rsquo;hydroxyde de sodium, enrichi en huile d&rsquo;olive et beurre de<span class=\"excerpt-hellip\"> [\u2026]<\/span><\/p>\n","protected":false},"featured_media":191507,"comment_status":"open","ping_status":"closed","template":"","meta":[],"product_cat":[8461,24331],"product_tag":[],"_links":{"self":[{"href":"https:\/\/www.laperlavalles.cat\/fr\/wp-json\/wp\/v2\/product\/191524"}],"collection":[{"href":"https:\/\/www.laperlavalles.cat\/fr\/wp-json\/wp\/v2\/product"}],"about":[{"href":"https:\/\/www.laperlavalles.cat\/fr\/wp-json\/wp\/v2\/types\/product"}],"replies":[{"embeddable":true,"href":"https:\/\/www.laperlavalles.cat\/fr\/wp-json\/wp\/v2\/comments?post=191524"}],"wp:featuredmedia":[{"embeddable":true,"href":"https:\/\/www.laperlavalles.cat\/fr\/wp-json\/wp\/v2\/media\/191507"}],"wp:attachment":[{"href":"https:\/\/www.laperlavalles.cat\/fr\/wp-json\/wp\/v2\/media?parent=191524"}],"wp:term":[{"taxonomy":"product_cat","embeddable":true,"href":"https:\/\/www.laperlavalles.cat\/fr\/wp-json\/wp\/v2\/product_cat?post=191524"},{"taxonomy":"product_tag","embeddable":true,"href":"https:\/\/www.laperlavalles.cat\/fr\/wp-json\/wp\/v2\/product_tag?post=191524"}],"curies":[{"name":"wp","href":"https:\/\/api.w.org\/{rel}","templated":true}]}}