{"id":191824,"date":"2025-03-26T09:40:40","date_gmt":"2025-03-26T08:40:58","guid":{"rendered":"https:\/\/www.laperlavalles.cat\/product\/vitals-olive-oil-antibreakage-no-base-relaxer-regular-20oz\/"},"modified":"2025-05-12T16:02:42","modified_gmt":"2025-05-12T14:02:42","slug":"vitals-olive-oil-antibreakage-no-base-relaxer-regular-20oz","status":"publish","type":"product","link":"https:\/\/www.laperlavalles.cat\/fr\/produit\/vitals-olive-oil-antibreakage-no-base-relaxer-regular-20oz\/","title":{"rendered":"VITALS OLIVE OIL ANTIBREAKAGE NO BASE RELAXER REGULAR 20OZ"},"content":{"rendered":"<p>Le Vitale Olive Oil Anti-Breakage No Base Relaxer Regular 20oz est un d\u00e9frisant avanc\u00e9 \u00e0 base d&rsquo;hydroxyde de sodium, enrichi en huile d&rsquo;olive et beurre de karit\u00e9, con\u00e7u pour lisser les cheveux de mani\u00e8re douce et saine, offrant un excellent conditionnement pendant le processus de d\u00e9frisage et aidant \u00e0 renforcer les cheveux pour pr\u00e9venir la casse. ?<\/p>\n","protected":false},"excerpt":{"rendered":"<p>Le Vitale Olive Oil Anti-Breakage No Base Relaxer Regular 20oz est un d\u00e9frisant avanc\u00e9 \u00e0 base d&rsquo;hydroxyde de sodium, enrichi en huile d&rsquo;olive et beurre de<span class=\"excerpt-hellip\"> [\u2026]<\/span><\/p>\n","protected":false},"featured_media":191807,"comment_status":"open","ping_status":"closed","template":"","meta":[],"product_cat":[8461,24331],"product_tag":[],"_links":{"self":[{"href":"https:\/\/www.laperlavalles.cat\/fr\/wp-json\/wp\/v2\/product\/191824"}],"collection":[{"href":"https:\/\/www.laperlavalles.cat\/fr\/wp-json\/wp\/v2\/product"}],"about":[{"href":"https:\/\/www.laperlavalles.cat\/fr\/wp-json\/wp\/v2\/types\/product"}],"replies":[{"embeddable":true,"href":"https:\/\/www.laperlavalles.cat\/fr\/wp-json\/wp\/v2\/comments?post=191824"}],"wp:featuredmedia":[{"embeddable":true,"href":"https:\/\/www.laperlavalles.cat\/fr\/wp-json\/wp\/v2\/media\/191807"}],"wp:attachment":[{"href":"https:\/\/www.laperlavalles.cat\/fr\/wp-json\/wp\/v2\/media?parent=191824"}],"wp:term":[{"taxonomy":"product_cat","embeddable":true,"href":"https:\/\/www.laperlavalles.cat\/fr\/wp-json\/wp\/v2\/product_cat?post=191824"},{"taxonomy":"product_tag","embeddable":true,"href":"https:\/\/www.laperlavalles.cat\/fr\/wp-json\/wp\/v2\/product_tag?post=191824"}],"curies":[{"name":"wp","href":"https:\/\/api.w.org\/{rel}","templated":true}]}}