{"id":191999,"date":"2025-03-28T11:35:45","date_gmt":"2025-03-28T10:35:45","guid":{"rendered":"https:\/\/www.laperlavalles.cat\/product\/bouillon-de-viande-en-poudre-1kg-calnort-4\/"},"modified":"2025-03-28T11:35:45","modified_gmt":"2025-03-28T10:35:45","slug":"bouillon-de-viande-en-poudre-1kg-calnort-4","status":"publish","type":"product","link":"https:\/\/www.laperlavalles.cat\/fr\/produit\/bouillon-de-viande-en-poudre-1kg-calnort-4\/","title":{"rendered":"BOUILLON DE VIANDE EN POUDRE 1KG CALNORT"},"content":{"rendered":"<p>Calnort est une marque de bouillons d\u00e9shydrat\u00e9s sp\u00e9cialis\u00e9e dans le bouillon de boeuf. Leurs produits se caract\u00e9risent par leur haute qualit\u00e9 et leur saveur intense, \u00e9labor\u00e9s avec des ingr\u00e9dients soigneusement s\u00e9lectionn\u00e9s pour offrir une exp\u00e9rience gustative exceptionnelle. Les bouillons de boeuf Calnort sont faciles \u00e0 pr\u00e9parer et constituent une option id\u00e9ale pour ceux qui recherchent \u00e0 la fois commodit\u00e9 et saveur au quotidien.<\/p>\n","protected":false},"excerpt":{"rendered":"<p>Calnort est une marque de bouillons d\u00e9shydrat\u00e9s sp\u00e9cialis\u00e9e dans le bouillon de boeuf. Leurs produits se caract\u00e9risent par leur haute qualit\u00e9 et leur saveur intense, \u00e9labor\u00e9s<span class=\"excerpt-hellip\"> [\u2026]<\/span><\/p>\n","protected":false},"featured_media":191995,"comment_status":"open","ping_status":"closed","template":"","meta":[],"product_cat":[36],"product_tag":[],"_links":{"self":[{"href":"https:\/\/www.laperlavalles.cat\/fr\/wp-json\/wp\/v2\/product\/191999"}],"collection":[{"href":"https:\/\/www.laperlavalles.cat\/fr\/wp-json\/wp\/v2\/product"}],"about":[{"href":"https:\/\/www.laperlavalles.cat\/fr\/wp-json\/wp\/v2\/types\/product"}],"replies":[{"embeddable":true,"href":"https:\/\/www.laperlavalles.cat\/fr\/wp-json\/wp\/v2\/comments?post=191999"}],"wp:featuredmedia":[{"embeddable":true,"href":"https:\/\/www.laperlavalles.cat\/fr\/wp-json\/wp\/v2\/media\/191995"}],"wp:attachment":[{"href":"https:\/\/www.laperlavalles.cat\/fr\/wp-json\/wp\/v2\/media?parent=191999"}],"wp:term":[{"taxonomy":"product_cat","embeddable":true,"href":"https:\/\/www.laperlavalles.cat\/fr\/wp-json\/wp\/v2\/product_cat?post=191999"},{"taxonomy":"product_tag","embeddable":true,"href":"https:\/\/www.laperlavalles.cat\/fr\/wp-json\/wp\/v2\/product_tag?post=191999"}],"curies":[{"name":"wp","href":"https:\/\/api.w.org\/{rel}","templated":true}]}}