{"id":192184,"date":"2025-04-30T08:37:08","date_gmt":"2025-04-30T06:37:24","guid":{"rendered":"https:\/\/www.laperlavalles.cat\/product\/vitals-olive-oil-oil-moisturizer-16oz\/"},"modified":"2025-05-12T15:52:36","modified_gmt":"2025-05-12T13:52:36","slug":"vitals-olive-oil-oil-moisturizer-16oz","status":"publish","type":"product","link":"https:\/\/www.laperlavalles.cat\/fr\/produit\/vitals-olive-oil-oil-moisturizer-16oz\/","title":{"rendered":"VITALS OLIVE OIL OIL MOISTURIZER 16OZ"},"content":{"rendered":"<p>El Vitale Olive Oil Moisturizer 16oz es una loci\u00f3n hidratante que combina aceite de oliva y mezclas herbales para nutrir y restaurar el cabello seco o da\u00f1ado. Protege contra los efectos negativos del uso de calor y productos qu\u00edmicos, aportando brillo natural y mejorando la elasticidad. Ideal para cabellos lisos, rizados, naturales o con trenzas.?<\/p>\n","protected":false},"excerpt":{"rendered":"<p>El Vitale Olive Oil Moisturizer 16oz es una loci\u00f3n hidratante que combina aceite de oliva y mezclas herbales para nutrir y restaurar el cabello seco o<span class=\"excerpt-hellip\"> [\u2026]<\/span><\/p>\n","protected":false},"featured_media":192167,"comment_status":"open","ping_status":"closed","template":"","meta":[],"product_cat":[8461,24331],"product_tag":[],"_links":{"self":[{"href":"https:\/\/www.laperlavalles.cat\/fr\/wp-json\/wp\/v2\/product\/192184"}],"collection":[{"href":"https:\/\/www.laperlavalles.cat\/fr\/wp-json\/wp\/v2\/product"}],"about":[{"href":"https:\/\/www.laperlavalles.cat\/fr\/wp-json\/wp\/v2\/types\/product"}],"replies":[{"embeddable":true,"href":"https:\/\/www.laperlavalles.cat\/fr\/wp-json\/wp\/v2\/comments?post=192184"}],"wp:featuredmedia":[{"embeddable":true,"href":"https:\/\/www.laperlavalles.cat\/fr\/wp-json\/wp\/v2\/media\/192167"}],"wp:attachment":[{"href":"https:\/\/www.laperlavalles.cat\/fr\/wp-json\/wp\/v2\/media?parent=192184"}],"wp:term":[{"taxonomy":"product_cat","embeddable":true,"href":"https:\/\/www.laperlavalles.cat\/fr\/wp-json\/wp\/v2\/product_cat?post=192184"},{"taxonomy":"product_tag","embeddable":true,"href":"https:\/\/www.laperlavalles.cat\/fr\/wp-json\/wp\/v2\/product_tag?post=192184"}],"curies":[{"name":"wp","href":"https:\/\/api.w.org\/{rel}","templated":true}]}}