{"id":192249,"date":"2025-04-30T08:42:42","date_gmt":"2025-04-30T06:42:57","guid":{"rendered":"https:\/\/www.laperlavalles.cat\/product\/vitals-olive-oil-antibreakage-no-lye-cond-relaxer-kit-regular-2app\/"},"modified":"2025-05-12T15:57:46","modified_gmt":"2025-05-12T13:57:46","slug":"vitals-olive-oil-antibreakage-no-lye-cond-relaxer-kit-regular-2app","status":"publish","type":"product","link":"https:\/\/www.laperlavalles.cat\/fr\/produit\/vitals-olive-oil-antibreakage-no-lye-cond-relaxer-kit-regular-2app\/","title":{"rendered":"VITALS OLIVE OIL ANTIBREAKAGE NO LYE COND. RELAXER KIT REGULAR 2APP"},"content":{"rendered":"<p>Le Vitale Olive Oil Anti-Breakage No Lye Relaxer Kit Regular est un d\u00e9frisant sans soude formul\u00e9 avec de l&rsquo;huile d&rsquo;olive et de l&rsquo;huile de coco qui aide \u00e0 prot\u00e9ger le cuir chevelu et \u00e0 r\u00e9duire la casse des cheveux. Id\u00e9al pour les cheveux normaux ou l\u00e9g\u00e8rement r\u00e9sistants, ce kit permet une application compl\u00e8te ou jusqu&rsquo;\u00e0 deux retouches, laissant les cheveux doux, hydrat\u00e9s et faciles \u00e0 coiffer.<\/p>\n","protected":false},"excerpt":{"rendered":"<p>Le Vitale Olive Oil Anti-Breakage No Lye Relaxer Kit Regular est un d\u00e9frisant sans soude formul\u00e9 avec de l&rsquo;huile d&rsquo;olive et de l&rsquo;huile de coco qui<span class=\"excerpt-hellip\"> [\u2026]<\/span><\/p>\n","protected":false},"featured_media":192232,"comment_status":"open","ping_status":"closed","template":"","meta":[],"product_cat":[8461,24331],"product_tag":[],"_links":{"self":[{"href":"https:\/\/www.laperlavalles.cat\/fr\/wp-json\/wp\/v2\/product\/192249"}],"collection":[{"href":"https:\/\/www.laperlavalles.cat\/fr\/wp-json\/wp\/v2\/product"}],"about":[{"href":"https:\/\/www.laperlavalles.cat\/fr\/wp-json\/wp\/v2\/types\/product"}],"replies":[{"embeddable":true,"href":"https:\/\/www.laperlavalles.cat\/fr\/wp-json\/wp\/v2\/comments?post=192249"}],"wp:featuredmedia":[{"embeddable":true,"href":"https:\/\/www.laperlavalles.cat\/fr\/wp-json\/wp\/v2\/media\/192232"}],"wp:attachment":[{"href":"https:\/\/www.laperlavalles.cat\/fr\/wp-json\/wp\/v2\/media?parent=192249"}],"wp:term":[{"taxonomy":"product_cat","embeddable":true,"href":"https:\/\/www.laperlavalles.cat\/fr\/wp-json\/wp\/v2\/product_cat?post=192249"},{"taxonomy":"product_tag","embeddable":true,"href":"https:\/\/www.laperlavalles.cat\/fr\/wp-json\/wp\/v2\/product_tag?post=192249"}],"curies":[{"name":"wp","href":"https:\/\/api.w.org\/{rel}","templated":true}]}}