{"id":192369,"date":"2025-04-30T09:12:29","date_gmt":"2025-04-30T07:12:29","guid":{"rendered":"https:\/\/www.laperlavalles.cat\/product\/bibigo-sauce-bulgogi-coreenne-douce-et-sucree-500g-2\/"},"modified":"2025-04-30T09:12:29","modified_gmt":"2025-04-30T07:12:29","slug":"bibigo-sauce-bulgogi-coreenne-douce-et-sucree-500g-2","status":"publish","type":"product","link":"https:\/\/www.laperlavalles.cat\/fr\/produit\/bibigo-sauce-bulgogi-coreenne-douce-et-sucree-500g-2\/","title":{"rendered":"BIBIGO SAUCE BULGOGI COR\u00c9ENNE DOUCE ET SUCR\u00c9E 500G"},"content":{"rendered":"<p>La Bibigo Sauce Bulgogi Cor\u00e9enne Douce et Sucr\u00e9e est une marinade cor\u00e9enne douce parfaite pour le b\u0153uf, le porc ou le poulet. Son go\u00fbt \u00e9quilibr\u00e9 provient de la sauce soja m\u00eal\u00e9e \u00e0 des pur\u00e9es de poire, pomme et ananas.<\/p>\n","protected":false},"excerpt":{"rendered":"<p>La Bibigo Sauce Bulgogi Cor\u00e9enne Douce et Sucr\u00e9e est une marinade cor\u00e9enne douce parfaite pour le b\u0153uf, le porc ou le poulet. Son go\u00fbt \u00e9quilibr\u00e9 provient<span class=\"excerpt-hellip\"> [\u2026]<\/span><\/p>\n","protected":false},"featured_media":192365,"comment_status":"open","ping_status":"closed","template":"","meta":[],"product_cat":[8449,8580],"product_tag":[],"_links":{"self":[{"href":"https:\/\/www.laperlavalles.cat\/fr\/wp-json\/wp\/v2\/product\/192369"}],"collection":[{"href":"https:\/\/www.laperlavalles.cat\/fr\/wp-json\/wp\/v2\/product"}],"about":[{"href":"https:\/\/www.laperlavalles.cat\/fr\/wp-json\/wp\/v2\/types\/product"}],"replies":[{"embeddable":true,"href":"https:\/\/www.laperlavalles.cat\/fr\/wp-json\/wp\/v2\/comments?post=192369"}],"wp:featuredmedia":[{"embeddable":true,"href":"https:\/\/www.laperlavalles.cat\/fr\/wp-json\/wp\/v2\/media\/192365"}],"wp:attachment":[{"href":"https:\/\/www.laperlavalles.cat\/fr\/wp-json\/wp\/v2\/media?parent=192369"}],"wp:term":[{"taxonomy":"product_cat","embeddable":true,"href":"https:\/\/www.laperlavalles.cat\/fr\/wp-json\/wp\/v2\/product_cat?post=192369"},{"taxonomy":"product_tag","embeddable":true,"href":"https:\/\/www.laperlavalles.cat\/fr\/wp-json\/wp\/v2\/product_tag?post=192369"}],"curies":[{"name":"wp","href":"https:\/\/api.w.org\/{rel}","templated":true}]}}