{"id":192524,"date":"2025-04-30T09:35:37","date_gmt":"2025-04-30T07:35:37","guid":{"rendered":"https:\/\/www.laperlavalles.cat\/product\/bibigo-sauce-bulgogi-coreenne-piquante-500g-4\/"},"modified":"2025-04-30T09:35:37","modified_gmt":"2025-04-30T07:35:37","slug":"bibigo-sauce-bulgogi-coreenne-piquante-500g-4","status":"publish","type":"product","link":"https:\/\/www.laperlavalles.cat\/fr\/produit\/bibigo-sauce-bulgogi-coreenne-piquante-500g-4\/","title":{"rendered":"BIBIGO SAUCE BULGOGI COR\u00c9ENNE PIQUANTE 500G"},"content":{"rendered":"<p>La Bibigo Sauce Bulgogi Cor\u00e9enne Piquante 500g est une marinade cor\u00e9enne relev\u00e9e, id\u00e9ale pour les viandes telles que le b\u0153uf, le porc ou le poulet. Elle associe sauce soja, pur\u00e9es de poire et de pomme, ail, gingembre et piment, offrant un go\u00fbt \u00e9quilibr\u00e9 entre douceur et piquant. Parfaite pour mariner, sauter ou griller.<\/p>\n","protected":false},"excerpt":{"rendered":"<p>La Bibigo Sauce Bulgogi Cor\u00e9enne Piquante 500g est une marinade cor\u00e9enne relev\u00e9e, id\u00e9ale pour les viandes telles que le b\u0153uf, le porc ou le poulet. Elle<span class=\"excerpt-hellip\"> [\u2026]<\/span><\/p>\n","protected":false},"featured_media":192520,"comment_status":"open","ping_status":"closed","template":"","meta":[],"product_cat":[8449,8580],"product_tag":[],"_links":{"self":[{"href":"https:\/\/www.laperlavalles.cat\/fr\/wp-json\/wp\/v2\/product\/192524"}],"collection":[{"href":"https:\/\/www.laperlavalles.cat\/fr\/wp-json\/wp\/v2\/product"}],"about":[{"href":"https:\/\/www.laperlavalles.cat\/fr\/wp-json\/wp\/v2\/types\/product"}],"replies":[{"embeddable":true,"href":"https:\/\/www.laperlavalles.cat\/fr\/wp-json\/wp\/v2\/comments?post=192524"}],"wp:featuredmedia":[{"embeddable":true,"href":"https:\/\/www.laperlavalles.cat\/fr\/wp-json\/wp\/v2\/media\/192520"}],"wp:attachment":[{"href":"https:\/\/www.laperlavalles.cat\/fr\/wp-json\/wp\/v2\/media?parent=192524"}],"wp:term":[{"taxonomy":"product_cat","embeddable":true,"href":"https:\/\/www.laperlavalles.cat\/fr\/wp-json\/wp\/v2\/product_cat?post=192524"},{"taxonomy":"product_tag","embeddable":true,"href":"https:\/\/www.laperlavalles.cat\/fr\/wp-json\/wp\/v2\/product_tag?post=192524"}],"curies":[{"name":"wp","href":"https:\/\/api.w.org\/{rel}","templated":true}]}}