{"id":192589,"date":"2025-04-30T09:40:42","date_gmt":"2025-04-30T07:41:00","guid":{"rendered":"https:\/\/www.laperlavalles.cat\/product\/bibigo-gyoza-au-boeuf-bulgogi-surgele-600g\/"},"modified":"2026-03-27T11:21:11","modified_gmt":"2026-03-27T10:21:11","slug":"bibigo-gyoza-au-boeuf-bulgogi-surgele-600g","status":"publish","type":"product","link":"https:\/\/www.laperlavalles.cat\/fr\/produit\/bibigo-gyoza-au-boeuf-bulgogi-surgele-600g\/","title":{"rendered":"BIBIGO GYOZA AU B\u0152UF BULGOGI SURGEL\u00c9 600G"},"content":{"rendered":"<p>Les Bibigo Gyoza au B\u0153uf Bulgogi Surgel\u00e9es 600g sont des raviolis cor\u00e9ens farcis de b\u0153uf marin\u00e9 avec une sauce soja sucr\u00e9e et sal\u00e9e, accompagn\u00e9s de l\u00e9gumes frais tels que l&rsquo;oignon vert, le chou et la carotte. Leur saveur authentique et texture croustillante les rendent id\u00e9ales pour la friture, la cuisson \u00e0 la vapeur ou \u00e0 la po\u00eale.<\/p>\n","protected":false},"excerpt":{"rendered":"<p>Les Bibigo Gyoza au B\u0153uf Bulgogi Surgel\u00e9es 600g sont des raviolis cor\u00e9ens farcis de b\u0153uf marin\u00e9 avec une sauce soja sucr\u00e9e et sal\u00e9e, accompagn\u00e9s de l\u00e9gumes<span class=\"excerpt-hellip\"> [\u2026]<\/span><\/p>\n","protected":false},"featured_media":192572,"comment_status":"open","ping_status":"closed","template":"","meta":[],"product_cat":[8449],"product_tag":[],"_links":{"self":[{"href":"https:\/\/www.laperlavalles.cat\/fr\/wp-json\/wp\/v2\/product\/192589"}],"collection":[{"href":"https:\/\/www.laperlavalles.cat\/fr\/wp-json\/wp\/v2\/product"}],"about":[{"href":"https:\/\/www.laperlavalles.cat\/fr\/wp-json\/wp\/v2\/types\/product"}],"replies":[{"embeddable":true,"href":"https:\/\/www.laperlavalles.cat\/fr\/wp-json\/wp\/v2\/comments?post=192589"}],"wp:featuredmedia":[{"embeddable":true,"href":"https:\/\/www.laperlavalles.cat\/fr\/wp-json\/wp\/v2\/media\/192572"}],"wp:attachment":[{"href":"https:\/\/www.laperlavalles.cat\/fr\/wp-json\/wp\/v2\/media?parent=192589"}],"wp:term":[{"taxonomy":"product_cat","embeddable":true,"href":"https:\/\/www.laperlavalles.cat\/fr\/wp-json\/wp\/v2\/product_cat?post=192589"},{"taxonomy":"product_tag","embeddable":true,"href":"https:\/\/www.laperlavalles.cat\/fr\/wp-json\/wp\/v2\/product_tag?post=192589"}],"curies":[{"name":"wp","href":"https:\/\/api.w.org\/{rel}","templated":true}]}}