{"id":192714,"date":"2025-04-30T09:55:07","date_gmt":"2025-04-30T07:55:07","guid":{"rendered":"https:\/\/www.laperlavalles.cat\/product\/bibigo-gyoza-de-kimchi-y-pollo-congelado-600g-3\/"},"modified":"2025-04-30T09:55:07","modified_gmt":"2025-04-30T07:55:07","slug":"bibigo-gyoza-de-kimchi-y-pollo-congelado-600g-3","status":"publish","type":"product","link":"https:\/\/www.laperlavalles.cat\/fr\/produit\/bibigo-gyoza-de-kimchi-y-pollo-congelado-600g-3\/","title":{"rendered":"BIBIGO GYOZA DE KIMCHI Y POLLO CONGELADO 600G"},"content":{"rendered":"<p>Les Bibigo Gyoza au Kimchi et Poulet Surgel\u00e9es 600g sont des raviolis cor\u00e9ens farcis d&rsquo;une combinaison \u00e9pic\u00e9e de kimchi et de poulet juteux. Ces gyoza offrent une saveur authentique et \u00e9quilibr\u00e9e, id\u00e9ale pour les amateurs de cuisine cor\u00e9enne. Elles peuvent \u00eatre pr\u00e9par\u00e9es facilement frites, \u00e0 la vapeur ou \u00e0 la po\u00eale, obtenant une texture croustillante et une garniture savoureuse.<\/p>\n","protected":false},"excerpt":{"rendered":"<p>Les Bibigo Gyoza au Kimchi et Poulet Surgel\u00e9es 600g sont des raviolis cor\u00e9ens farcis d&rsquo;une combinaison \u00e9pic\u00e9e de kimchi et de poulet juteux. Ces gyoza offrent<span class=\"excerpt-hellip\"> [\u2026]<\/span><\/p>\n","protected":false},"featured_media":192710,"comment_status":"open","ping_status":"closed","template":"","meta":[],"product_cat":[8581,8449],"product_tag":[],"_links":{"self":[{"href":"https:\/\/www.laperlavalles.cat\/fr\/wp-json\/wp\/v2\/product\/192714"}],"collection":[{"href":"https:\/\/www.laperlavalles.cat\/fr\/wp-json\/wp\/v2\/product"}],"about":[{"href":"https:\/\/www.laperlavalles.cat\/fr\/wp-json\/wp\/v2\/types\/product"}],"replies":[{"embeddable":true,"href":"https:\/\/www.laperlavalles.cat\/fr\/wp-json\/wp\/v2\/comments?post=192714"}],"wp:featuredmedia":[{"embeddable":true,"href":"https:\/\/www.laperlavalles.cat\/fr\/wp-json\/wp\/v2\/media\/192710"}],"wp:attachment":[{"href":"https:\/\/www.laperlavalles.cat\/fr\/wp-json\/wp\/v2\/media?parent=192714"}],"wp:term":[{"taxonomy":"product_cat","embeddable":true,"href":"https:\/\/www.laperlavalles.cat\/fr\/wp-json\/wp\/v2\/product_cat?post=192714"},{"taxonomy":"product_tag","embeddable":true,"href":"https:\/\/www.laperlavalles.cat\/fr\/wp-json\/wp\/v2\/product_tag?post=192714"}],"curies":[{"name":"wp","href":"https:\/\/api.w.org\/{rel}","templated":true}]}}