{"id":192884,"date":"2025-04-30T10:09:29","date_gmt":"2025-04-30T08:09:29","guid":{"rendered":"https:\/\/www.laperlavalles.cat\/product\/bibigo-gyoza-au-kimchi-et-porc-surgele-525g-8\/"},"modified":"2025-04-30T10:09:29","modified_gmt":"2025-04-30T08:09:29","slug":"bibigo-gyoza-au-kimchi-et-porc-surgele-525g-8","status":"publish","type":"product","link":"https:\/\/www.laperlavalles.cat\/fr\/produit\/bibigo-gyoza-au-kimchi-et-porc-surgele-525g-8\/","title":{"rendered":"BIBIGO GYOZA AU KIMCHI ET PORC SURGEL\u00c9 525G"},"content":{"rendered":"<p>Les Bibigo Gyoza au Kimchi et Porc Surgel\u00e9es 525g sont des raviolis cor\u00e9ens farcis d&rsquo;une combinaison \u00e9pic\u00e9e de kimchi ferment\u00e9 et de viande de porc juteuse. Ces gyoza offrent une saveur authentique et \u00e9quilibr\u00e9e, id\u00e9ale pour les amateurs de cuisine cor\u00e9enne. Elles peuvent \u00eatre pr\u00e9par\u00e9es facilement frites, \u00e0 la vapeur ou \u00e0 la po\u00eale, obtenant une texture croustillante et une garniture savoureuse.<\/p>\n","protected":false},"excerpt":{"rendered":"<p>Les Bibigo Gyoza au Kimchi et Porc Surgel\u00e9es 525g sont des raviolis cor\u00e9ens farcis d&rsquo;une combinaison \u00e9pic\u00e9e de kimchi ferment\u00e9 et de viande de porc juteuse.<span class=\"excerpt-hellip\"> [\u2026]<\/span><\/p>\n","protected":false},"featured_media":192880,"comment_status":"open","ping_status":"closed","template":"","meta":[],"product_cat":[8581,8449],"product_tag":[],"_links":{"self":[{"href":"https:\/\/www.laperlavalles.cat\/fr\/wp-json\/wp\/v2\/product\/192884"}],"collection":[{"href":"https:\/\/www.laperlavalles.cat\/fr\/wp-json\/wp\/v2\/product"}],"about":[{"href":"https:\/\/www.laperlavalles.cat\/fr\/wp-json\/wp\/v2\/types\/product"}],"replies":[{"embeddable":true,"href":"https:\/\/www.laperlavalles.cat\/fr\/wp-json\/wp\/v2\/comments?post=192884"}],"wp:featuredmedia":[{"embeddable":true,"href":"https:\/\/www.laperlavalles.cat\/fr\/wp-json\/wp\/v2\/media\/192880"}],"wp:attachment":[{"href":"https:\/\/www.laperlavalles.cat\/fr\/wp-json\/wp\/v2\/media?parent=192884"}],"wp:term":[{"taxonomy":"product_cat","embeddable":true,"href":"https:\/\/www.laperlavalles.cat\/fr\/wp-json\/wp\/v2\/product_cat?post=192884"},{"taxonomy":"product_tag","embeddable":true,"href":"https:\/\/www.laperlavalles.cat\/fr\/wp-json\/wp\/v2\/product_tag?post=192884"}],"curies":[{"name":"wp","href":"https:\/\/api.w.org\/{rel}","templated":true}]}}