{"id":192909,"date":"2025-04-30T10:10:29","date_gmt":"2025-04-30T08:10:45","guid":{"rendered":"https:\/\/www.laperlavalles.cat\/product\/bibigo-gyoza-aux-crevettes-et-legumes-surgele-400g\/"},"modified":"2026-03-27T11:51:14","modified_gmt":"2026-03-27T10:51:14","slug":"bibigo-gyoza-aux-crevettes-et-legumes-surgele-400g","status":"publish","type":"product","link":"https:\/\/www.laperlavalles.cat\/fr\/produit\/bibigo-gyoza-aux-crevettes-et-legumes-surgele-400g\/","title":{"rendered":"BIBIGO GYOZA AUX CREVETTES ET L\u00c9GUMES SURGEL\u00c9 400G"},"content":{"rendered":"<p>Les Bibigo Gyoza aux Crevettes et L\u00e9gumes Surgel\u00e9es 400g sont des raviolis cor\u00e9ens farcis d&rsquo;une combinaison savoureuse de crevettes et de l\u00e9gumes frais tels que le chou, la carotte, le haricot vert et l&rsquo;oignon. Leur enveloppe fine et croustillante, \u00e9labor\u00e9e avec des ingr\u00e9dients naturels sans colorants ni conservateurs artificiels, offre une exp\u00e9rience culinaire authentique. Id\u00e9ales pour \u00eatre frites, cuites \u00e0 la vapeur ou \u00e0 la po\u00eale, ces gyoza sont parfaites en plat principal, en accompagnement ou en ap\u00e9ritif<\/p>\n","protected":false},"excerpt":{"rendered":"<p>Les Bibigo Gyoza aux Crevettes et L\u00e9gumes Surgel\u00e9es 400g sont des raviolis cor\u00e9ens farcis d&rsquo;une combinaison savoureuse de crevettes et de l\u00e9gumes frais tels que le<span class=\"excerpt-hellip\"> [\u2026]<\/span><\/p>\n","protected":false},"featured_media":192887,"comment_status":"open","ping_status":"closed","template":"","meta":[],"product_cat":[8449],"product_tag":[],"_links":{"self":[{"href":"https:\/\/www.laperlavalles.cat\/fr\/wp-json\/wp\/v2\/product\/192909"}],"collection":[{"href":"https:\/\/www.laperlavalles.cat\/fr\/wp-json\/wp\/v2\/product"}],"about":[{"href":"https:\/\/www.laperlavalles.cat\/fr\/wp-json\/wp\/v2\/types\/product"}],"replies":[{"embeddable":true,"href":"https:\/\/www.laperlavalles.cat\/fr\/wp-json\/wp\/v2\/comments?post=192909"}],"wp:featuredmedia":[{"embeddable":true,"href":"https:\/\/www.laperlavalles.cat\/fr\/wp-json\/wp\/v2\/media\/192887"}],"wp:attachment":[{"href":"https:\/\/www.laperlavalles.cat\/fr\/wp-json\/wp\/v2\/media?parent=192909"}],"wp:term":[{"taxonomy":"product_cat","embeddable":true,"href":"https:\/\/www.laperlavalles.cat\/fr\/wp-json\/wp\/v2\/product_cat?post=192909"},{"taxonomy":"product_tag","embeddable":true,"href":"https:\/\/www.laperlavalles.cat\/fr\/wp-json\/wp\/v2\/product_tag?post=192909"}],"curies":[{"name":"wp","href":"https:\/\/api.w.org\/{rel}","templated":true}]}}