{"id":192924,"date":"2025-04-30T10:10:44","date_gmt":"2025-04-30T08:11:03","guid":{"rendered":"https:\/\/www.laperlavalles.cat\/product\/bibigo-gyoza-de-tofu-y-verduras-congelado-600g\/"},"modified":"2026-03-27T12:01:36","modified_gmt":"2026-03-27T11:01:36","slug":"bibigo-gyoza-de-tofu-y-verduras-congelado-600g","status":"publish","type":"product","link":"https:\/\/www.laperlavalles.cat\/fr\/produit\/bibigo-gyoza-de-tofu-y-verduras-congelado-600g\/","title":{"rendered":"BIBIGO GYOZA DE TOFU Y VERDURAS CONGELADO 600G"},"content":{"rendered":"<p>Les Bibigo Gyoza au Tofu et L\u00e9gumes Surgel\u00e9es 600g sont des raviolis cor\u00e9ens farcis d&rsquo;une combinaison \u00e9quilibr\u00e9e de tofu doux et de l\u00e9gumes frais tels que chou, carotte, oignon, \u00e9pinards et oignon nouveau. Leur enveloppe fine et croustillante, \u00e9labor\u00e9e avec des ingr\u00e9dients naturels sans colorants ni conservateurs artificiels, offre une exp\u00e9rience culinaire authentique. Id\u00e9ales pour \u00eatre frites, cuites \u00e0 la vapeur ou \u00e0 la po\u00eale, ces gyoza sont parfaites en plat principal, en accompagnement ou en ap\u00e9ritif<\/p>\n","protected":false},"excerpt":{"rendered":"<p>Les Bibigo Gyoza au Tofu et L\u00e9gumes Surgel\u00e9es 600g sont des raviolis cor\u00e9ens farcis d&rsquo;une combinaison \u00e9quilibr\u00e9e de tofu doux et de l\u00e9gumes frais tels que<span class=\"excerpt-hellip\"> [\u2026]<\/span><\/p>\n","protected":false},"featured_media":192902,"comment_status":"open","ping_status":"closed","template":"","meta":[],"product_cat":[8449],"product_tag":[],"_links":{"self":[{"href":"https:\/\/www.laperlavalles.cat\/fr\/wp-json\/wp\/v2\/product\/192924"}],"collection":[{"href":"https:\/\/www.laperlavalles.cat\/fr\/wp-json\/wp\/v2\/product"}],"about":[{"href":"https:\/\/www.laperlavalles.cat\/fr\/wp-json\/wp\/v2\/types\/product"}],"replies":[{"embeddable":true,"href":"https:\/\/www.laperlavalles.cat\/fr\/wp-json\/wp\/v2\/comments?post=192924"}],"wp:featuredmedia":[{"embeddable":true,"href":"https:\/\/www.laperlavalles.cat\/fr\/wp-json\/wp\/v2\/media\/192902"}],"wp:attachment":[{"href":"https:\/\/www.laperlavalles.cat\/fr\/wp-json\/wp\/v2\/media?parent=192924"}],"wp:term":[{"taxonomy":"product_cat","embeddable":true,"href":"https:\/\/www.laperlavalles.cat\/fr\/wp-json\/wp\/v2\/product_cat?post=192924"},{"taxonomy":"product_tag","embeddable":true,"href":"https:\/\/www.laperlavalles.cat\/fr\/wp-json\/wp\/v2\/product_tag?post=192924"}],"curies":[{"name":"wp","href":"https:\/\/api.w.org\/{rel}","templated":true}]}}