{"id":193014,"date":"2025-04-30T10:20:41","date_gmt":"2025-04-30T08:20:57","guid":{"rendered":"https:\/\/www.laperlavalles.cat\/product\/bibigo-gyoza-au-poulet-et-legumes-surgele-600g\/"},"modified":"2026-03-27T12:11:03","modified_gmt":"2026-03-27T11:11:03","slug":"bibigo-gyoza-au-poulet-et-legumes-surgele-600g","status":"publish","type":"product","link":"https:\/\/www.laperlavalles.cat\/fr\/produit\/bibigo-gyoza-au-poulet-et-legumes-surgele-600g\/","title":{"rendered":"BIBIGO GYOZA AU POULET ET L\u00c9GUMES SURGEL\u00c9 600G"},"content":{"rendered":"<p>Les Gyoza au Poulet et L\u00e9gumes de Bibigo sont des raviolis cor\u00e9ens surgel\u00e9s, garnis d\u2019un m\u00e9lange savoureux de poulet et l\u00e9gumes frais. \u00c0 frire, cuire \u00e0 la vapeur ou \u00e0 la po\u00eale pour une texture croustillante et un go\u00fbt authentique<\/p>\n","protected":false},"excerpt":{"rendered":"<p>Les Gyoza au Poulet et L\u00e9gumes de Bibigo sont des raviolis cor\u00e9ens surgel\u00e9s, garnis d\u2019un m\u00e9lange savoureux de poulet et l\u00e9gumes frais. \u00c0 frire, cuire \u00e0<span class=\"excerpt-hellip\"> [\u2026]<\/span><\/p>\n","protected":false},"featured_media":192987,"comment_status":"open","ping_status":"closed","template":"","meta":[],"product_cat":[8449],"product_tag":[],"_links":{"self":[{"href":"https:\/\/www.laperlavalles.cat\/fr\/wp-json\/wp\/v2\/product\/193014"}],"collection":[{"href":"https:\/\/www.laperlavalles.cat\/fr\/wp-json\/wp\/v2\/product"}],"about":[{"href":"https:\/\/www.laperlavalles.cat\/fr\/wp-json\/wp\/v2\/types\/product"}],"replies":[{"embeddable":true,"href":"https:\/\/www.laperlavalles.cat\/fr\/wp-json\/wp\/v2\/comments?post=193014"}],"wp:featuredmedia":[{"embeddable":true,"href":"https:\/\/www.laperlavalles.cat\/fr\/wp-json\/wp\/v2\/media\/192987"}],"wp:attachment":[{"href":"https:\/\/www.laperlavalles.cat\/fr\/wp-json\/wp\/v2\/media?parent=193014"}],"wp:term":[{"taxonomy":"product_cat","embeddable":true,"href":"https:\/\/www.laperlavalles.cat\/fr\/wp-json\/wp\/v2\/product_cat?post=193014"},{"taxonomy":"product_tag","embeddable":true,"href":"https:\/\/www.laperlavalles.cat\/fr\/wp-json\/wp\/v2\/product_tag?post=193014"}],"curies":[{"name":"wp","href":"https:\/\/api.w.org\/{rel}","templated":true}]}}