{"id":193129,"date":"2025-04-30T10:32:55","date_gmt":"2025-04-30T08:32:55","guid":{"rendered":"https:\/\/www.laperlavalles.cat\/product\/bibigo-gyoza-de-porc-i-verdures-congelat-600g-2\/"},"modified":"2025-04-30T10:32:55","modified_gmt":"2025-04-30T08:32:55","slug":"bibigo-gyoza-de-porc-i-verdures-congelat-600g-2","status":"publish","type":"product","link":"https:\/\/www.laperlavalles.cat\/fr\/produit\/bibigo-gyoza-de-porc-i-verdures-congelat-600g-2\/","title":{"rendered":"BIBIGO GYOZA DE PORC I VERDURES CONGELAT 600G"},"content":{"rendered":"<p>Les Bibigo Gyoza au Porc et L\u00e9gumes Surgel\u00e9es 600g sont des raviolis cor\u00e9ens farcis d&rsquo;une combinaison savoureuse de viande de porc et de l\u00e9gumes frais tels que chou, oignon, oignon nouveau, ail et tofu. Leur enveloppe fine et croustillante, \u00e9labor\u00e9e avec des ingr\u00e9dients naturels sans colorants ni conservateurs artificiels, offre une exp\u00e9rience culinaire authentique. Id\u00e9ales pour \u00eatre frites, cuites \u00e0 la vapeur ou \u00e0 la po\u00eale, ces gyoza sont parfaites en plat principal, en accompagnement ou en ap\u00e9ritif<\/p>\n","protected":false},"excerpt":{"rendered":"<p>Les Bibigo Gyoza au Porc et L\u00e9gumes Surgel\u00e9es 600g sont des raviolis cor\u00e9ens farcis d&rsquo;une combinaison savoureuse de viande de porc et de l\u00e9gumes frais tels<span class=\"excerpt-hellip\"> [\u2026]<\/span><\/p>\n","protected":false},"featured_media":193125,"comment_status":"open","ping_status":"closed","template":"","meta":[],"product_cat":[8581,8449],"product_tag":[],"_links":{"self":[{"href":"https:\/\/www.laperlavalles.cat\/fr\/wp-json\/wp\/v2\/product\/193129"}],"collection":[{"href":"https:\/\/www.laperlavalles.cat\/fr\/wp-json\/wp\/v2\/product"}],"about":[{"href":"https:\/\/www.laperlavalles.cat\/fr\/wp-json\/wp\/v2\/types\/product"}],"replies":[{"embeddable":true,"href":"https:\/\/www.laperlavalles.cat\/fr\/wp-json\/wp\/v2\/comments?post=193129"}],"wp:featuredmedia":[{"embeddable":true,"href":"https:\/\/www.laperlavalles.cat\/fr\/wp-json\/wp\/v2\/media\/193125"}],"wp:attachment":[{"href":"https:\/\/www.laperlavalles.cat\/fr\/wp-json\/wp\/v2\/media?parent=193129"}],"wp:term":[{"taxonomy":"product_cat","embeddable":true,"href":"https:\/\/www.laperlavalles.cat\/fr\/wp-json\/wp\/v2\/product_cat?post=193129"},{"taxonomy":"product_tag","embeddable":true,"href":"https:\/\/www.laperlavalles.cat\/fr\/wp-json\/wp\/v2\/product_tag?post=193129"}],"curies":[{"name":"wp","href":"https:\/\/api.w.org\/{rel}","templated":true}]}}