{"id":193329,"date":"2025-04-30T10:50:42","date_gmt":"2025-04-30T08:50:58","guid":{"rendered":"https:\/\/www.laperlavalles.cat\/product\/dumplings-a-la-vapeur-poulet-et-legumes-560g-bibigo-surgele\/"},"modified":"2026-03-27T12:42:22","modified_gmt":"2026-03-27T11:42:22","slug":"dumplings-a-la-vapeur-poulet-et-legumes-560g-bibigo-surgele","status":"publish","type":"product","link":"https:\/\/www.laperlavalles.cat\/fr\/produit\/dumplings-a-la-vapeur-poulet-et-legumes-560g-bibigo-surgele\/","title":{"rendered":"DUMPLINGS \u00c0 LA VAPEUR POULET ET L\u00c9GUMES 560G BIBIGO SURGEL\u00c9"},"content":{"rendered":"<p>Les Dumplings \u00e0 la Vapeur Poulet et L\u00e9gumes 560g Bibigo Surgel\u00e9s sont des raviolis cor\u00e9ens farcis d&rsquo;une combinaison de viande de poulet et de l\u00e9gumes tels que chou, oignon, oignon nouveau, ail et tofu. Leur p\u00e2te fine et souple est cuite \u00e0 la vapeur, offrant une texture d\u00e9licate et une saveur authentique. Id\u00e9ales pour une pr\u00e9paration rapide \u00e0 la vapeur ou \u00e0 la po\u00eale, ces gyoza sont parfaites en plat principal, en accompagnement ou en ap\u00e9ritif<\/p>\n","protected":false},"excerpt":{"rendered":"<p>Les Dumplings \u00e0 la Vapeur Poulet et L\u00e9gumes 560g Bibigo Surgel\u00e9s sont des raviolis cor\u00e9ens farcis d&rsquo;une combinaison de viande de poulet et de l\u00e9gumes tels<span class=\"excerpt-hellip\"> [\u2026]<\/span><\/p>\n","protected":false},"featured_media":193312,"comment_status":"open","ping_status":"closed","template":"","meta":[],"product_cat":[8449],"product_tag":[],"_links":{"self":[{"href":"https:\/\/www.laperlavalles.cat\/fr\/wp-json\/wp\/v2\/product\/193329"}],"collection":[{"href":"https:\/\/www.laperlavalles.cat\/fr\/wp-json\/wp\/v2\/product"}],"about":[{"href":"https:\/\/www.laperlavalles.cat\/fr\/wp-json\/wp\/v2\/types\/product"}],"replies":[{"embeddable":true,"href":"https:\/\/www.laperlavalles.cat\/fr\/wp-json\/wp\/v2\/comments?post=193329"}],"wp:featuredmedia":[{"embeddable":true,"href":"https:\/\/www.laperlavalles.cat\/fr\/wp-json\/wp\/v2\/media\/193312"}],"wp:attachment":[{"href":"https:\/\/www.laperlavalles.cat\/fr\/wp-json\/wp\/v2\/media?parent=193329"}],"wp:term":[{"taxonomy":"product_cat","embeddable":true,"href":"https:\/\/www.laperlavalles.cat\/fr\/wp-json\/wp\/v2\/product_cat?post=193329"},{"taxonomy":"product_tag","embeddable":true,"href":"https:\/\/www.laperlavalles.cat\/fr\/wp-json\/wp\/v2\/product_tag?post=193329"}],"curies":[{"name":"wp","href":"https:\/\/api.w.org\/{rel}","templated":true}]}}