{"id":193459,"date":"2025-04-30T11:00:26","date_gmt":"2025-04-30T09:00:42","guid":{"rendered":"https:\/\/www.laperlavalles.cat\/product\/dumplings-coreens-bbq-525g-bibigo-surgeles\/"},"modified":"2026-03-27T12:51:36","modified_gmt":"2026-03-27T11:51:36","slug":"dumplings-coreens-bbq-525g-bibigo-surgeles","status":"publish","type":"product","link":"https:\/\/www.laperlavalles.cat\/fr\/produit\/dumplings-coreens-bbq-525g-bibigo-surgeles\/","title":{"rendered":"DUMPLINGS COR\u00c9ENS BBQ 525G BIBIGO SURGEL\u00c9S"},"content":{"rendered":"<p>Les Dumplings Cor\u00e9ens BBQ 525g Bibigo Surgel\u00e9s sont des raviolis cor\u00e9ens farcis d&rsquo;une combinaison de viande de b\u0153uf et de l\u00e9gumes tels que chou, oignon, oignon nouveau et ail, le tout assaisonn\u00e9 d&rsquo;une sauce barbecue cor\u00e9enne. Leur p\u00e2te fine peut \u00eatre cuite \u00e0 la vapeur ou frite pour obtenir une texture croustillante<\/p>\n","protected":false},"excerpt":{"rendered":"<p>Les Dumplings Cor\u00e9ens BBQ 525g Bibigo Surgel\u00e9s sont des raviolis cor\u00e9ens farcis d&rsquo;une combinaison de viande de b\u0153uf et de l\u00e9gumes tels que chou, oignon, oignon<span class=\"excerpt-hellip\"> [\u2026]<\/span><\/p>\n","protected":false},"featured_media":193437,"comment_status":"open","ping_status":"closed","template":"","meta":[],"product_cat":[8449],"product_tag":[],"_links":{"self":[{"href":"https:\/\/www.laperlavalles.cat\/fr\/wp-json\/wp\/v2\/product\/193459"}],"collection":[{"href":"https:\/\/www.laperlavalles.cat\/fr\/wp-json\/wp\/v2\/product"}],"about":[{"href":"https:\/\/www.laperlavalles.cat\/fr\/wp-json\/wp\/v2\/types\/product"}],"replies":[{"embeddable":true,"href":"https:\/\/www.laperlavalles.cat\/fr\/wp-json\/wp\/v2\/comments?post=193459"}],"wp:featuredmedia":[{"embeddable":true,"href":"https:\/\/www.laperlavalles.cat\/fr\/wp-json\/wp\/v2\/media\/193437"}],"wp:attachment":[{"href":"https:\/\/www.laperlavalles.cat\/fr\/wp-json\/wp\/v2\/media?parent=193459"}],"wp:term":[{"taxonomy":"product_cat","embeddable":true,"href":"https:\/\/www.laperlavalles.cat\/fr\/wp-json\/wp\/v2\/product_cat?post=193459"},{"taxonomy":"product_tag","embeddable":true,"href":"https:\/\/www.laperlavalles.cat\/fr\/wp-json\/wp\/v2\/product_tag?post=193459"}],"curies":[{"name":"wp","href":"https:\/\/api.w.org\/{rel}","templated":true}]}}