{"id":193564,"date":"2025-04-30T11:09:57","date_gmt":"2025-04-30T09:09:57","guid":{"rendered":"https:\/\/www.laperlavalles.cat\/product\/en-cas-croustillants-dalgues-3x5g-bibigo-7\/"},"modified":"2025-04-30T11:09:57","modified_gmt":"2025-04-30T09:09:57","slug":"en-cas-croustillants-dalgues-3x5g-bibigo-7","status":"publish","type":"product","link":"https:\/\/www.laperlavalles.cat\/fr\/produit\/en-cas-croustillants-dalgues-3x5g-bibigo-7\/","title":{"rendered":"EN-CAS CROUSTILLANTS D&rsquo;ALGUES (3X5G) BIBIGO"},"content":{"rendered":"<p>Les En-cas Croustillants d&rsquo;Algues (3x5g) Bibigo sont des feuilles d&rsquo;algues grill\u00e9es et croustillantes, assaisonn\u00e9es avec de l&rsquo;huile de s\u00e9same pour une saveur intense et nutritive. Parfaits comme collation saine ou pour ajouter une touche croustillante \u00e0 vos plats pr\u00e9f\u00e9r\u00e9s<\/p>\n","protected":false},"excerpt":{"rendered":"<p>Les En-cas Croustillants d&rsquo;Algues (3x5g) Bibigo sont des feuilles d&rsquo;algues grill\u00e9es et croustillantes, assaisonn\u00e9es avec de l&rsquo;huile de s\u00e9same pour une saveur intense et nutritive. Parfaits<span class=\"excerpt-hellip\"> [\u2026]<\/span><\/p>\n","protected":false},"featured_media":193560,"comment_status":"open","ping_status":"closed","template":"","meta":[],"product_cat":[11774,8587],"product_tag":[],"_links":{"self":[{"href":"https:\/\/www.laperlavalles.cat\/fr\/wp-json\/wp\/v2\/product\/193564"}],"collection":[{"href":"https:\/\/www.laperlavalles.cat\/fr\/wp-json\/wp\/v2\/product"}],"about":[{"href":"https:\/\/www.laperlavalles.cat\/fr\/wp-json\/wp\/v2\/types\/product"}],"replies":[{"embeddable":true,"href":"https:\/\/www.laperlavalles.cat\/fr\/wp-json\/wp\/v2\/comments?post=193564"}],"wp:featuredmedia":[{"embeddable":true,"href":"https:\/\/www.laperlavalles.cat\/fr\/wp-json\/wp\/v2\/media\/193560"}],"wp:attachment":[{"href":"https:\/\/www.laperlavalles.cat\/fr\/wp-json\/wp\/v2\/media?parent=193564"}],"wp:term":[{"taxonomy":"product_cat","embeddable":true,"href":"https:\/\/www.laperlavalles.cat\/fr\/wp-json\/wp\/v2\/product_cat?post=193564"},{"taxonomy":"product_tag","embeddable":true,"href":"https:\/\/www.laperlavalles.cat\/fr\/wp-json\/wp\/v2\/product_tag?post=193564"}],"curies":[{"name":"wp","href":"https:\/\/api.w.org\/{rel}","templated":true}]}}