{"id":193584,"date":"2025-04-30T11:10:41","date_gmt":"2025-04-30T09:10:57","guid":{"rendered":"https:\/\/www.laperlavalles.cat\/product\/bidon-hyper-malta-500ml\/"},"modified":"2025-04-30T11:57:55","modified_gmt":"2025-04-30T09:57:55","slug":"bidon-hyper-malta-500ml","status":"publish","type":"product","link":"https:\/\/www.laperlavalles.cat\/fr\/produit\/bidon-hyper-malta-500ml\/","title":{"rendered":"Bidon Hyper Malta 500ml"},"content":{"rendered":"<p>Hyper Malta 500ml Boisson malt\u00e9e non alcoolis\u00e9e \u00e0 base d&rsquo;orge de brasserie. <\/p>\n","protected":false},"excerpt":{"rendered":"<p>Hyper Malta 500ml Boisson malt\u00e9e non alcoolis\u00e9e \u00e0 base d&rsquo;orge de brasserie.<\/p>\n","protected":false},"featured_media":193567,"comment_status":"open","ping_status":"closed","template":"","meta":[],"product_cat":[8445,8582],"product_tag":[],"_links":{"self":[{"href":"https:\/\/www.laperlavalles.cat\/fr\/wp-json\/wp\/v2\/product\/193584"}],"collection":[{"href":"https:\/\/www.laperlavalles.cat\/fr\/wp-json\/wp\/v2\/product"}],"about":[{"href":"https:\/\/www.laperlavalles.cat\/fr\/wp-json\/wp\/v2\/types\/product"}],"replies":[{"embeddable":true,"href":"https:\/\/www.laperlavalles.cat\/fr\/wp-json\/wp\/v2\/comments?post=193584"}],"wp:featuredmedia":[{"embeddable":true,"href":"https:\/\/www.laperlavalles.cat\/fr\/wp-json\/wp\/v2\/media\/193567"}],"wp:attachment":[{"href":"https:\/\/www.laperlavalles.cat\/fr\/wp-json\/wp\/v2\/media?parent=193584"}],"wp:term":[{"taxonomy":"product_cat","embeddable":true,"href":"https:\/\/www.laperlavalles.cat\/fr\/wp-json\/wp\/v2\/product_cat?post=193584"},{"taxonomy":"product_tag","embeddable":true,"href":"https:\/\/www.laperlavalles.cat\/fr\/wp-json\/wp\/v2\/product_tag?post=193584"}],"curies":[{"name":"wp","href":"https:\/\/api.w.org\/{rel}","templated":true}]}}