{"id":193619,"date":"2025-04-30T11:14:00","date_gmt":"2025-04-30T09:14:00","guid":{"rendered":"https:\/\/www.laperlavalles.cat\/product\/snacks-crujientes-de-algas-sabor-bbq-3x5g-bibigo-2\/"},"modified":"2025-04-30T11:14:00","modified_gmt":"2025-04-30T09:14:00","slug":"snacks-crujientes-de-algas-sabor-bbq-3x5g-bibigo-2","status":"publish","type":"product","link":"https:\/\/www.laperlavalles.cat\/fr\/produit\/snacks-crujientes-de-algas-sabor-bbq-3x5g-bibigo-2\/","title":{"rendered":"SNACKS CRUJIENTES DE ALGAS SABOR BBQ (3X5G) BIBIGO"},"content":{"rendered":"<p>Les En-cas Croustillants d&rsquo;Algues Saveur BBQ (3x5g) Bibigo sont des feuilles d&rsquo;algues grill\u00e9es, assaisonn\u00e9es avec une saveur intense de barbecue cor\u00e9en. Avec une texture croustillante et un go\u00fbt fum\u00e9, elles sont id\u00e9ales comme collation saine ou pour ajouter une touche sp\u00e9ciale \u00e0 vos plats pr\u00e9f\u00e9r\u00e9s<\/p>\n","protected":false},"excerpt":{"rendered":"<p>Les En-cas Croustillants d&rsquo;Algues Saveur BBQ (3x5g) Bibigo sont des feuilles d&rsquo;algues grill\u00e9es, assaisonn\u00e9es avec une saveur intense de barbecue cor\u00e9en. Avec une texture croustillante et<span class=\"excerpt-hellip\"> [\u2026]<\/span><\/p>\n","protected":false},"featured_media":193615,"comment_status":"open","ping_status":"closed","template":"","meta":[],"product_cat":[11774,8587],"product_tag":[],"_links":{"self":[{"href":"https:\/\/www.laperlavalles.cat\/fr\/wp-json\/wp\/v2\/product\/193619"}],"collection":[{"href":"https:\/\/www.laperlavalles.cat\/fr\/wp-json\/wp\/v2\/product"}],"about":[{"href":"https:\/\/www.laperlavalles.cat\/fr\/wp-json\/wp\/v2\/types\/product"}],"replies":[{"embeddable":true,"href":"https:\/\/www.laperlavalles.cat\/fr\/wp-json\/wp\/v2\/comments?post=193619"}],"wp:featuredmedia":[{"embeddable":true,"href":"https:\/\/www.laperlavalles.cat\/fr\/wp-json\/wp\/v2\/media\/193615"}],"wp:attachment":[{"href":"https:\/\/www.laperlavalles.cat\/fr\/wp-json\/wp\/v2\/media?parent=193619"}],"wp:term":[{"taxonomy":"product_cat","embeddable":true,"href":"https:\/\/www.laperlavalles.cat\/fr\/wp-json\/wp\/v2\/product_cat?post=193619"},{"taxonomy":"product_tag","embeddable":true,"href":"https:\/\/www.laperlavalles.cat\/fr\/wp-json\/wp\/v2\/product_tag?post=193619"}],"curies":[{"name":"wp","href":"https:\/\/api.w.org\/{rel}","templated":true}]}}