{"id":193729,"date":"2025-04-30T11:22:45","date_gmt":"2025-04-30T09:22:45","guid":{"rendered":"https:\/\/www.laperlavalles.cat\/product\/pasta-de-soja-coreana-500g-bibigo-3\/"},"modified":"2025-04-30T11:22:45","modified_gmt":"2025-04-30T09:22:45","slug":"pasta-de-soja-coreana-500g-bibigo-3","status":"publish","type":"product","link":"https:\/\/www.laperlavalles.cat\/fr\/produit\/pasta-de-soja-coreana-500g-bibigo-3\/","title":{"rendered":"PASTA DE SOJA COREANA 500G BIBIGO"},"content":{"rendered":"<p>La P\u00e2te de Soja Cor\u00e9enne 500g Bibigo est une p\u00e2te ferment\u00e9e traditionnelle cor\u00e9enne \u00e0 base de soja, d&rsquo;eau et de sel. Avec une saveur intense et riche en umami, elle est id\u00e9ale pour les soupes, les rago\u00fbts ou comme base de sauces<\/p>\n","protected":false},"excerpt":{"rendered":"<p>La P\u00e2te de Soja Cor\u00e9enne 500g Bibigo est une p\u00e2te ferment\u00e9e traditionnelle cor\u00e9enne \u00e0 base de soja, d&rsquo;eau et de sel. Avec une saveur intense et<span class=\"excerpt-hellip\"> [\u2026]<\/span><\/p>\n","protected":false},"featured_media":193725,"comment_status":"open","ping_status":"closed","template":"","meta":[],"product_cat":[8581,8449],"product_tag":[],"_links":{"self":[{"href":"https:\/\/www.laperlavalles.cat\/fr\/wp-json\/wp\/v2\/product\/193729"}],"collection":[{"href":"https:\/\/www.laperlavalles.cat\/fr\/wp-json\/wp\/v2\/product"}],"about":[{"href":"https:\/\/www.laperlavalles.cat\/fr\/wp-json\/wp\/v2\/types\/product"}],"replies":[{"embeddable":true,"href":"https:\/\/www.laperlavalles.cat\/fr\/wp-json\/wp\/v2\/comments?post=193729"}],"wp:featuredmedia":[{"embeddable":true,"href":"https:\/\/www.laperlavalles.cat\/fr\/wp-json\/wp\/v2\/media\/193725"}],"wp:attachment":[{"href":"https:\/\/www.laperlavalles.cat\/fr\/wp-json\/wp\/v2\/media?parent=193729"}],"wp:term":[{"taxonomy":"product_cat","embeddable":true,"href":"https:\/\/www.laperlavalles.cat\/fr\/wp-json\/wp\/v2\/product_cat?post=193729"},{"taxonomy":"product_tag","embeddable":true,"href":"https:\/\/www.laperlavalles.cat\/fr\/wp-json\/wp\/v2\/product_tag?post=193729"}],"curies":[{"name":"wp","href":"https:\/\/api.w.org\/{rel}","templated":true}]}}