{"id":193824,"date":"2025-04-30T11:28:05","date_gmt":"2025-04-30T09:28:21","guid":{"rendered":"https:\/\/www.laperlavalles.cat\/product\/pate-de-piment-rouge-piquante-500g-bibigo\/"},"modified":"2025-06-02T16:10:53","modified_gmt":"2025-06-02T14:10:53","slug":"pate-de-piment-rouge-piquante-500g-bibigo","status":"publish","type":"product","link":"https:\/\/www.laperlavalles.cat\/fr\/produit\/pate-de-piment-rouge-piquante-500g-bibigo\/","title":{"rendered":"P\u00c2TE DE PIMENT ROUGE PIQUANTE 500G BIBIGO"},"content":{"rendered":"<p>La P\u00e2te de Piment Rouge Piquante 500g Bibigo est une p\u00e2te ferment\u00e9e traditionnelle cor\u00e9enne, connue sous le nom de Gochujang. Elle combine des saveurs \u00e9pic\u00e9es, sucr\u00e9es et umami, id\u00e9ale pour des plats comme le bibimbap, le tteokbokki ou comme marinade pour viandes et l\u00e9gumes<\/p>\n","protected":false},"excerpt":{"rendered":"<p>La P\u00e2te de Piment Rouge Piquante 500g Bibigo est une p\u00e2te ferment\u00e9e traditionnelle cor\u00e9enne, connue sous le nom de Gochujang. Elle combine des saveurs \u00e9pic\u00e9es, sucr\u00e9es<span class=\"excerpt-hellip\"> [\u2026]<\/span><\/p>\n","protected":false},"featured_media":193807,"comment_status":"open","ping_status":"closed","template":"","meta":[],"product_cat":[8581,8449],"product_tag":[],"_links":{"self":[{"href":"https:\/\/www.laperlavalles.cat\/fr\/wp-json\/wp\/v2\/product\/193824"}],"collection":[{"href":"https:\/\/www.laperlavalles.cat\/fr\/wp-json\/wp\/v2\/product"}],"about":[{"href":"https:\/\/www.laperlavalles.cat\/fr\/wp-json\/wp\/v2\/types\/product"}],"replies":[{"embeddable":true,"href":"https:\/\/www.laperlavalles.cat\/fr\/wp-json\/wp\/v2\/comments?post=193824"}],"wp:featuredmedia":[{"embeddable":true,"href":"https:\/\/www.laperlavalles.cat\/fr\/wp-json\/wp\/v2\/media\/193807"}],"wp:attachment":[{"href":"https:\/\/www.laperlavalles.cat\/fr\/wp-json\/wp\/v2\/media?parent=193824"}],"wp:term":[{"taxonomy":"product_cat","embeddable":true,"href":"https:\/\/www.laperlavalles.cat\/fr\/wp-json\/wp\/v2\/product_cat?post=193824"},{"taxonomy":"product_tag","embeddable":true,"href":"https:\/\/www.laperlavalles.cat\/fr\/wp-json\/wp\/v2\/product_tag?post=193824"}],"curies":[{"name":"wp","href":"https:\/\/api.w.org\/{rel}","templated":true}]}}