{"id":193877,"date":"2025-04-30T11:30:44","date_gmt":"2025-04-30T09:31:00","guid":{"rendered":"https:\/\/www.laperlavalles.cat\/product\/chips-dalgues-et-de-riz-complet-40g-bibigo\/"},"modified":"2025-07-24T17:50:42","modified_gmt":"2025-07-24T15:50:42","slug":"chips-dalgues-et-de-riz-complet-40g-bibigo","status":"publish","type":"product","link":"https:\/\/www.laperlavalles.cat\/fr\/produit\/chips-dalgues-et-de-riz-complet-40g-bibigo\/","title":{"rendered":"CHIPS D&rsquo;ALGUES ET DE RIZ COMPLET 40G BIBIGO"},"content":{"rendered":"<p>Les Chips d&rsquo;Algues et de Riz Complet 40g Bibigo sont une collation croustillante \u00e0 base de riz complet et d&rsquo;algues grill\u00e9es, assaisonn\u00e9es avec de la sauce soja et des \u00e9pices. Une option l\u00e9g\u00e8re et savoureuse \u00e0 tout moment de la journ\u00e9e<\/p>\n","protected":false},"excerpt":{"rendered":"<p>Les Chips d&rsquo;Algues et de Riz Complet 40g Bibigo sont une collation croustillante \u00e0 base de riz complet et d&rsquo;algues grill\u00e9es, assaisonn\u00e9es avec de la sauce<span class=\"excerpt-hellip\"> [\u2026]<\/span><\/p>\n","protected":false},"featured_media":193857,"comment_status":"open","ping_status":"closed","template":"","meta":[],"product_cat":[10613,8587],"product_tag":[],"_links":{"self":[{"href":"https:\/\/www.laperlavalles.cat\/fr\/wp-json\/wp\/v2\/product\/193877"}],"collection":[{"href":"https:\/\/www.laperlavalles.cat\/fr\/wp-json\/wp\/v2\/product"}],"about":[{"href":"https:\/\/www.laperlavalles.cat\/fr\/wp-json\/wp\/v2\/types\/product"}],"replies":[{"embeddable":true,"href":"https:\/\/www.laperlavalles.cat\/fr\/wp-json\/wp\/v2\/comments?post=193877"}],"wp:featuredmedia":[{"embeddable":true,"href":"https:\/\/www.laperlavalles.cat\/fr\/wp-json\/wp\/v2\/media\/193857"}],"wp:attachment":[{"href":"https:\/\/www.laperlavalles.cat\/fr\/wp-json\/wp\/v2\/media?parent=193877"}],"wp:term":[{"taxonomy":"product_cat","embeddable":true,"href":"https:\/\/www.laperlavalles.cat\/fr\/wp-json\/wp\/v2\/product_cat?post=193877"},{"taxonomy":"product_tag","embeddable":true,"href":"https:\/\/www.laperlavalles.cat\/fr\/wp-json\/wp\/v2\/product_tag?post=193877"}],"curies":[{"name":"wp","href":"https:\/\/api.w.org\/{rel}","templated":true}]}}