{"id":194113,"date":"2025-04-30T11:44:43","date_gmt":"2025-04-30T09:44:43","guid":{"rendered":"https:\/\/www.laperlavalles.cat\/product\/bibigo-sauce-coreenne-topokki-douce-et-epicee-150g-5\/"},"modified":"2025-04-30T11:44:43","modified_gmt":"2025-04-30T09:44:43","slug":"bibigo-sauce-coreenne-topokki-douce-et-epicee-150g-5","status":"publish","type":"product","link":"https:\/\/www.laperlavalles.cat\/fr\/produit\/bibigo-sauce-coreenne-topokki-douce-et-epicee-150g-5\/","title":{"rendered":"BIBIGO SAUCE COR\u00c9ENNE TOPOKKI DOUCE ET \u00c9PIC\u00c9E 150G"},"content":{"rendered":"<p>La Bibigo Sauce Cor\u00e9enne Topokki Douce et \u00c9pic\u00e9e 150g est une sauce traditionnelle cor\u00e9enne con\u00e7ue pour pr\u00e9parer le c\u00e9l\u00e8bre plat de rue \u00ab\u00a0tteokbokki\u00a0\u00bb. Elle combine la douceur de la pur\u00e9e de pomme avec le piquant du gochujang, offrant une saveur \u00e9quilibr\u00e9e et authentique. Id\u00e9ale pour accompagner les g\u00e2teaux de riz (tteok), les l\u00e9gumes ou les viandes.?<\/p>\n","protected":false},"excerpt":{"rendered":"<p>La Bibigo Sauce Cor\u00e9enne Topokki Douce et \u00c9pic\u00e9e 150g est une sauce traditionnelle cor\u00e9enne con\u00e7ue pour pr\u00e9parer le c\u00e9l\u00e8bre plat de rue \u00ab\u00a0tteokbokki\u00a0\u00bb. Elle combine la<span class=\"excerpt-hellip\"> [\u2026]<\/span><\/p>\n","protected":false},"featured_media":194109,"comment_status":"open","ping_status":"closed","template":"","meta":[],"product_cat":[8449,8580],"product_tag":[],"_links":{"self":[{"href":"https:\/\/www.laperlavalles.cat\/fr\/wp-json\/wp\/v2\/product\/194113"}],"collection":[{"href":"https:\/\/www.laperlavalles.cat\/fr\/wp-json\/wp\/v2\/product"}],"about":[{"href":"https:\/\/www.laperlavalles.cat\/fr\/wp-json\/wp\/v2\/types\/product"}],"replies":[{"embeddable":true,"href":"https:\/\/www.laperlavalles.cat\/fr\/wp-json\/wp\/v2\/comments?post=194113"}],"wp:featuredmedia":[{"embeddable":true,"href":"https:\/\/www.laperlavalles.cat\/fr\/wp-json\/wp\/v2\/media\/194109"}],"wp:attachment":[{"href":"https:\/\/www.laperlavalles.cat\/fr\/wp-json\/wp\/v2\/media?parent=194113"}],"wp:term":[{"taxonomy":"product_cat","embeddable":true,"href":"https:\/\/www.laperlavalles.cat\/fr\/wp-json\/wp\/v2\/product_cat?post=194113"},{"taxonomy":"product_tag","embeddable":true,"href":"https:\/\/www.laperlavalles.cat\/fr\/wp-json\/wp\/v2\/product_tag?post=194113"}],"curies":[{"name":"wp","href":"https:\/\/api.w.org\/{rel}","templated":true}]}}