{"id":194193,"date":"2025-04-30T11:49:42","date_gmt":"2025-04-30T09:49:42","guid":{"rendered":"https:\/\/www.laperlavalles.cat\/product\/algues-roties-assaisonnees-8x5g-bibigo-2\/"},"modified":"2025-04-30T11:49:42","modified_gmt":"2025-04-30T09:49:42","slug":"algues-roties-assaisonnees-8x5g-bibigo-2","status":"publish","type":"product","link":"https:\/\/www.laperlavalles.cat\/fr\/produit\/algues-roties-assaisonnees-8x5g-bibigo-2\/","title":{"rendered":"ALGUES R\u00d4TIES ASSAISONN\u00c9ES (8X5G) BIBIGO"},"content":{"rendered":"<p>Las Algas Tostadas Sazonadas (8x5g) Bibigo son l\u00e1minas de algas coreanas tostadas y sazonadas con aceite de colza, aceite de s\u00e9samo y sal. Un snack ligero y crujiente, ideal para acompa\u00f1ar arroz o disfrutar solo<\/p>\n","protected":false},"excerpt":{"rendered":"<p>Las Algas Tostadas Sazonadas (8x5g) Bibigo son l\u00e1minas de algas coreanas tostadas y sazonadas con aceite de colza, aceite de s\u00e9samo y sal. Un snack ligero<span class=\"excerpt-hellip\"> [\u2026]<\/span><\/p>\n","protected":false},"featured_media":194189,"comment_status":"open","ping_status":"closed","template":"","meta":[],"product_cat":[8581,8449],"product_tag":[],"_links":{"self":[{"href":"https:\/\/www.laperlavalles.cat\/fr\/wp-json\/wp\/v2\/product\/194193"}],"collection":[{"href":"https:\/\/www.laperlavalles.cat\/fr\/wp-json\/wp\/v2\/product"}],"about":[{"href":"https:\/\/www.laperlavalles.cat\/fr\/wp-json\/wp\/v2\/types\/product"}],"replies":[{"embeddable":true,"href":"https:\/\/www.laperlavalles.cat\/fr\/wp-json\/wp\/v2\/comments?post=194193"}],"wp:featuredmedia":[{"embeddable":true,"href":"https:\/\/www.laperlavalles.cat\/fr\/wp-json\/wp\/v2\/media\/194189"}],"wp:attachment":[{"href":"https:\/\/www.laperlavalles.cat\/fr\/wp-json\/wp\/v2\/media?parent=194193"}],"wp:term":[{"taxonomy":"product_cat","embeddable":true,"href":"https:\/\/www.laperlavalles.cat\/fr\/wp-json\/wp\/v2\/product_cat?post=194193"},{"taxonomy":"product_tag","embeddable":true,"href":"https:\/\/www.laperlavalles.cat\/fr\/wp-json\/wp\/v2\/product_tag?post=194193"}],"curies":[{"name":"wp","href":"https:\/\/api.w.org\/{rel}","templated":true}]}}