{"id":194343,"date":"2025-04-30T11:56:02","date_gmt":"2025-04-30T09:56:02","guid":{"rendered":"https:\/\/www.laperlavalles.cat\/product\/kimchi-150g-bibigo-8\/"},"modified":"2025-04-30T11:56:02","modified_gmt":"2025-04-30T09:56:02","slug":"kimchi-150g-bibigo-8","status":"publish","type":"product","link":"https:\/\/www.laperlavalles.cat\/fr\/produit\/kimchi-150g-bibigo-8\/","title":{"rendered":"KIMCHI 150G BIBIGO"},"content":{"rendered":"<p>Le Kimchi 150g Bibigo est une version traditionnelle cor\u00e9enne ferment\u00e9e de chou napa, assaisonn\u00e9e avec du piment rouge, de l&rsquo;ail, du gingembre et de la sauce de poisson. Il offre une saveur \u00e9pic\u00e9e et umami, id\u00e9ale en accompagnement ou ingr\u00e9dient dans des plats asiatiques<\/p>\n","protected":false},"excerpt":{"rendered":"<p>Le Kimchi 150g Bibigo est une version traditionnelle cor\u00e9enne ferment\u00e9e de chou napa, assaisonn\u00e9e avec du piment rouge, de l&rsquo;ail, du gingembre et de la sauce<span class=\"excerpt-hellip\"> [\u2026]<\/span><\/p>\n","protected":false},"featured_media":194339,"comment_status":"open","ping_status":"closed","template":"","meta":[],"product_cat":[8581,8449],"product_tag":[],"_links":{"self":[{"href":"https:\/\/www.laperlavalles.cat\/fr\/wp-json\/wp\/v2\/product\/194343"}],"collection":[{"href":"https:\/\/www.laperlavalles.cat\/fr\/wp-json\/wp\/v2\/product"}],"about":[{"href":"https:\/\/www.laperlavalles.cat\/fr\/wp-json\/wp\/v2\/types\/product"}],"replies":[{"embeddable":true,"href":"https:\/\/www.laperlavalles.cat\/fr\/wp-json\/wp\/v2\/comments?post=194343"}],"wp:featuredmedia":[{"embeddable":true,"href":"https:\/\/www.laperlavalles.cat\/fr\/wp-json\/wp\/v2\/media\/194339"}],"wp:attachment":[{"href":"https:\/\/www.laperlavalles.cat\/fr\/wp-json\/wp\/v2\/media?parent=194343"}],"wp:term":[{"taxonomy":"product_cat","embeddable":true,"href":"https:\/\/www.laperlavalles.cat\/fr\/wp-json\/wp\/v2\/product_cat?post=194343"},{"taxonomy":"product_tag","embeddable":true,"href":"https:\/\/www.laperlavalles.cat\/fr\/wp-json\/wp\/v2\/product_tag?post=194343"}],"curies":[{"name":"wp","href":"https:\/\/api.w.org\/{rel}","templated":true}]}}