{"id":194553,"date":"2025-06-09T09:18:37","date_gmt":"2025-06-09T07:18:37","guid":{"rendered":"https:\/\/www.laperlavalles.cat\/product\/sauce-sriracha-mayo-unieagle-800g-5\/"},"modified":"2025-06-09T09:18:37","modified_gmt":"2025-06-09T07:18:37","slug":"sauce-sriracha-mayo-unieagle-800g-5","status":"publish","type":"product","link":"https:\/\/www.laperlavalles.cat\/fr\/produit\/sauce-sriracha-mayo-unieagle-800g-5\/","title":{"rendered":"SAUCE SRIRACHA MAYO UNIEAGLE 800G"},"content":{"rendered":"<p>Sauce onctueuse qui associe la touche \u00e9pic\u00e9e de la sriracha \u00e0 la douceur de la mayonnaise, offrant une saveur intense et \u00e9quilibr\u00e9e.<\/p>\n","protected":false},"excerpt":{"rendered":"<p>Sauce onctueuse qui associe la touche \u00e9pic\u00e9e de la sriracha \u00e0 la douceur de la mayonnaise, offrant une saveur intense et \u00e9quilibr\u00e9e.<\/p>\n","protected":false},"featured_media":194549,"comment_status":"open","ping_status":"closed","template":"","meta":[],"product_cat":[8449,8580],"product_tag":[],"_links":{"self":[{"href":"https:\/\/www.laperlavalles.cat\/fr\/wp-json\/wp\/v2\/product\/194553"}],"collection":[{"href":"https:\/\/www.laperlavalles.cat\/fr\/wp-json\/wp\/v2\/product"}],"about":[{"href":"https:\/\/www.laperlavalles.cat\/fr\/wp-json\/wp\/v2\/types\/product"}],"replies":[{"embeddable":true,"href":"https:\/\/www.laperlavalles.cat\/fr\/wp-json\/wp\/v2\/comments?post=194553"}],"wp:featuredmedia":[{"embeddable":true,"href":"https:\/\/www.laperlavalles.cat\/fr\/wp-json\/wp\/v2\/media\/194549"}],"wp:attachment":[{"href":"https:\/\/www.laperlavalles.cat\/fr\/wp-json\/wp\/v2\/media?parent=194553"}],"wp:term":[{"taxonomy":"product_cat","embeddable":true,"href":"https:\/\/www.laperlavalles.cat\/fr\/wp-json\/wp\/v2\/product_cat?post=194553"},{"taxonomy":"product_tag","embeddable":true,"href":"https:\/\/www.laperlavalles.cat\/fr\/wp-json\/wp\/v2\/product_tag?post=194553"}],"curies":[{"name":"wp","href":"https:\/\/api.w.org\/{rel}","templated":true}]}}