{"id":194568,"date":"2025-06-09T09:20:29","date_gmt":"2025-06-09T07:20:29","guid":{"rendered":"https:\/\/www.laperlavalles.cat\/product\/sauce-sriracha-mayo-unieagle-800g-6\/"},"modified":"2025-06-09T09:20:29","modified_gmt":"2025-06-09T07:20:29","slug":"sauce-sriracha-mayo-unieagle-800g-6","status":"publish","type":"product","link":"https:\/\/www.laperlavalles.cat\/fr\/produit\/sauce-sriracha-mayo-unieagle-800g-6\/","title":{"rendered":"SAUCE SRIRACHA MAYO UNIEAGLE 800G"},"content":{"rendered":"<p>Sauce onctueuse qui associe la touche \u00e9pic\u00e9e de la sriracha \u00e0 la douceur de la mayonnaise, offrant une saveur intense et \u00e9quilibr\u00e9e.<\/p>\n","protected":false},"excerpt":{"rendered":"<p>Sauce onctueuse qui associe la touche \u00e9pic\u00e9e de la sriracha \u00e0 la douceur de la mayonnaise, offrant une saveur intense et \u00e9quilibr\u00e9e.<\/p>\n","protected":false},"featured_media":194564,"comment_status":"open","ping_status":"closed","template":"","meta":[],"product_cat":[8449,8580],"product_tag":[],"_links":{"self":[{"href":"https:\/\/www.laperlavalles.cat\/fr\/wp-json\/wp\/v2\/product\/194568"}],"collection":[{"href":"https:\/\/www.laperlavalles.cat\/fr\/wp-json\/wp\/v2\/product"}],"about":[{"href":"https:\/\/www.laperlavalles.cat\/fr\/wp-json\/wp\/v2\/types\/product"}],"replies":[{"embeddable":true,"href":"https:\/\/www.laperlavalles.cat\/fr\/wp-json\/wp\/v2\/comments?post=194568"}],"wp:featuredmedia":[{"embeddable":true,"href":"https:\/\/www.laperlavalles.cat\/fr\/wp-json\/wp\/v2\/media\/194564"}],"wp:attachment":[{"href":"https:\/\/www.laperlavalles.cat\/fr\/wp-json\/wp\/v2\/media?parent=194568"}],"wp:term":[{"taxonomy":"product_cat","embeddable":true,"href":"https:\/\/www.laperlavalles.cat\/fr\/wp-json\/wp\/v2\/product_cat?post=194568"},{"taxonomy":"product_tag","embeddable":true,"href":"https:\/\/www.laperlavalles.cat\/fr\/wp-json\/wp\/v2\/product_tag?post=194568"}],"curies":[{"name":"wp","href":"https:\/\/api.w.org\/{rel}","templated":true}]}}