{"id":194633,"date":"2025-06-09T09:26:46","date_gmt":"2025-06-09T07:26:46","guid":{"rendered":"https:\/\/www.laperlavalles.cat\/product\/mayonnaise-bama-946ml-4\/"},"modified":"2025-06-09T09:26:46","modified_gmt":"2025-06-09T07:26:46","slug":"mayonnaise-bama-946ml-4","status":"publish","type":"product","link":"https:\/\/www.laperlavalles.cat\/fr\/produit\/mayonnaise-bama-946ml-4\/","title":{"rendered":"MAYONNAISE BAMA 946ML"},"content":{"rendered":"<p>La mayonnaise Bama est une marque populaire dans le sud des \u00c9tats-Unis. Elle est pr\u00e9par\u00e9e avec de l\u2019huile de soja, des \u0153ufs, du vinaigre, du sel et des \u00e9pices. Bama est reconnue pour sa saveur riche et cr\u00e9meuse, et s\u2019utilise souvent dans les sandwiches, les salades et d\u2019autres plats.<\/p>\n","protected":false},"excerpt":{"rendered":"<p>La mayonnaise Bama est une marque populaire dans le sud des \u00c9tats-Unis. Elle est pr\u00e9par\u00e9e avec de l\u2019huile de soja, des \u0153ufs, du vinaigre, du sel<span class=\"excerpt-hellip\"> [\u2026]<\/span><\/p>\n","protected":false},"featured_media":194629,"comment_status":"open","ping_status":"closed","template":"","meta":[],"product_cat":[36],"product_tag":[],"_links":{"self":[{"href":"https:\/\/www.laperlavalles.cat\/fr\/wp-json\/wp\/v2\/product\/194633"}],"collection":[{"href":"https:\/\/www.laperlavalles.cat\/fr\/wp-json\/wp\/v2\/product"}],"about":[{"href":"https:\/\/www.laperlavalles.cat\/fr\/wp-json\/wp\/v2\/types\/product"}],"replies":[{"embeddable":true,"href":"https:\/\/www.laperlavalles.cat\/fr\/wp-json\/wp\/v2\/comments?post=194633"}],"wp:featuredmedia":[{"embeddable":true,"href":"https:\/\/www.laperlavalles.cat\/fr\/wp-json\/wp\/v2\/media\/194629"}],"wp:attachment":[{"href":"https:\/\/www.laperlavalles.cat\/fr\/wp-json\/wp\/v2\/media?parent=194633"}],"wp:term":[{"taxonomy":"product_cat","embeddable":true,"href":"https:\/\/www.laperlavalles.cat\/fr\/wp-json\/wp\/v2\/product_cat?post=194633"},{"taxonomy":"product_tag","embeddable":true,"href":"https:\/\/www.laperlavalles.cat\/fr\/wp-json\/wp\/v2\/product_tag?post=194633"}],"curies":[{"name":"wp","href":"https:\/\/api.w.org\/{rel}","templated":true}]}}