{"id":194728,"date":"2025-06-09T09:36:51","date_gmt":"2025-06-09T07:36:51","guid":{"rendered":"https:\/\/www.laperlavalles.cat\/product\/huile-de-coco-vierge-bamboo-tree-250ml-4\/"},"modified":"2025-06-09T09:36:51","modified_gmt":"2025-06-09T07:36:51","slug":"huile-de-coco-vierge-bamboo-tree-250ml-4","status":"publish","type":"product","link":"https:\/\/www.laperlavalles.cat\/fr\/produit\/huile-de-coco-vierge-bamboo-tree-250ml-4\/","title":{"rendered":"HUILE DE COCO VIERGE BAMBOO TREE 250ML"},"content":{"rendered":"<p>Huile de coco vierge obtenue par pression \u00e0 froid de noix de coco fra\u00eeche, riche en acide laurique, antioxydants et vitamines. Hydrate la peau, prot\u00e8ge les cheveux, supporte bien la chaleur en cuisine et apporte des graisses saines.<\/p>\n","protected":false},"excerpt":{"rendered":"<p>Huile de coco vierge obtenue par pression \u00e0 froid de noix de coco fra\u00eeche, riche en acide laurique, antioxydants et vitamines. Hydrate la peau, prot\u00e8ge les<span class=\"excerpt-hellip\"> [\u2026]<\/span><\/p>\n","protected":false},"featured_media":194724,"comment_status":"open","ping_status":"closed","template":"","meta":[],"product_cat":[8449,8580],"product_tag":[],"_links":{"self":[{"href":"https:\/\/www.laperlavalles.cat\/fr\/wp-json\/wp\/v2\/product\/194728"}],"collection":[{"href":"https:\/\/www.laperlavalles.cat\/fr\/wp-json\/wp\/v2\/product"}],"about":[{"href":"https:\/\/www.laperlavalles.cat\/fr\/wp-json\/wp\/v2\/types\/product"}],"replies":[{"embeddable":true,"href":"https:\/\/www.laperlavalles.cat\/fr\/wp-json\/wp\/v2\/comments?post=194728"}],"wp:featuredmedia":[{"embeddable":true,"href":"https:\/\/www.laperlavalles.cat\/fr\/wp-json\/wp\/v2\/media\/194724"}],"wp:attachment":[{"href":"https:\/\/www.laperlavalles.cat\/fr\/wp-json\/wp\/v2\/media?parent=194728"}],"wp:term":[{"taxonomy":"product_cat","embeddable":true,"href":"https:\/\/www.laperlavalles.cat\/fr\/wp-json\/wp\/v2\/product_cat?post=194728"},{"taxonomy":"product_tag","embeddable":true,"href":"https:\/\/www.laperlavalles.cat\/fr\/wp-json\/wp\/v2\/product_tag?post=194728"}],"curies":[{"name":"wp","href":"https:\/\/api.w.org\/{rel}","templated":true}]}}