{"id":194793,"date":"2025-06-09T09:42:29","date_gmt":"2025-06-09T07:42:29","guid":{"rendered":"https:\/\/www.laperlavalles.cat\/product\/gingembre-pour-sushi-yummyto-1kg-200-sachets-de-5g-2\/"},"modified":"2025-06-09T09:42:29","modified_gmt":"2025-06-09T07:42:29","slug":"gingembre-pour-sushi-yummyto-1kg-200-sachets-de-5g-2","status":"publish","type":"product","link":"https:\/\/www.laperlavalles.cat\/fr\/produit\/gingembre-pour-sushi-yummyto-1kg-200-sachets-de-5g-2\/","title":{"rendered":"GINGEMBRE POUR SUSHI YUMMYTO 1KG (200 SACHETS DE 5G)"},"content":{"rendered":"<p>Fines lamelles de gingembre marin\u00e9, \u00e0 la saveur douce, l\u00e9g\u00e8rement sucr\u00e9e et acidul\u00e9e, parfaites pour rafra\u00eechir le palais entre les bouch\u00e9es de sushi ou de sashimi<\/p>\n","protected":false},"excerpt":{"rendered":"<p>Fines lamelles de gingembre marin\u00e9, \u00e0 la saveur douce, l\u00e9g\u00e8rement sucr\u00e9e et acidul\u00e9e, parfaites pour rafra\u00eechir le palais entre les bouch\u00e9es de sushi ou de sashimi<\/p>\n","protected":false},"featured_media":194789,"comment_status":"open","ping_status":"closed","template":"","meta":[],"product_cat":[8581,8449],"product_tag":[],"_links":{"self":[{"href":"https:\/\/www.laperlavalles.cat\/fr\/wp-json\/wp\/v2\/product\/194793"}],"collection":[{"href":"https:\/\/www.laperlavalles.cat\/fr\/wp-json\/wp\/v2\/product"}],"about":[{"href":"https:\/\/www.laperlavalles.cat\/fr\/wp-json\/wp\/v2\/types\/product"}],"replies":[{"embeddable":true,"href":"https:\/\/www.laperlavalles.cat\/fr\/wp-json\/wp\/v2\/comments?post=194793"}],"wp:featuredmedia":[{"embeddable":true,"href":"https:\/\/www.laperlavalles.cat\/fr\/wp-json\/wp\/v2\/media\/194789"}],"wp:attachment":[{"href":"https:\/\/www.laperlavalles.cat\/fr\/wp-json\/wp\/v2\/media?parent=194793"}],"wp:term":[{"taxonomy":"product_cat","embeddable":true,"href":"https:\/\/www.laperlavalles.cat\/fr\/wp-json\/wp\/v2\/product_cat?post=194793"},{"taxonomy":"product_tag","embeddable":true,"href":"https:\/\/www.laperlavalles.cat\/fr\/wp-json\/wp\/v2\/product_tag?post=194793"}],"curies":[{"name":"wp","href":"https:\/\/api.w.org\/{rel}","templated":true}]}}