{"id":195123,"date":"2025-06-09T10:08:21","date_gmt":"2025-06-09T08:08:21","guid":{"rendered":"https:\/\/www.laperlavalles.cat\/product\/sauce-hoisin-227kg-pearl-river-bridge-6\/"},"modified":"2025-06-09T10:08:21","modified_gmt":"2025-06-09T08:08:21","slug":"sauce-hoisin-227kg-pearl-river-bridge-6","status":"publish","type":"product","link":"https:\/\/www.laperlavalles.cat\/fr\/produit\/sauce-hoisin-227kg-pearl-river-bridge-6\/","title":{"rendered":"SAUCE HOISIN 2,27KG PEARL RIVER BRIDGE"},"content":{"rendered":"<p>Sauce asiatique \u00e9paisse et aromatique \u00e0 base de p\u00e2te de soja ferment\u00e9e, sucre, vinaigre, ail et \u00e9pices. Elle offre une saveur douce, sal\u00e9e et l\u00e9g\u00e8rement \u00e9pic\u00e9e, parfaite pour accompagner des plats asiatiques comme le canard laqu\u00e9 et les rouleaux de printemps.<\/p>\n","protected":false},"excerpt":{"rendered":"<p>Sauce asiatique \u00e9paisse et aromatique \u00e0 base de p\u00e2te de soja ferment\u00e9e, sucre, vinaigre, ail et \u00e9pices. Elle offre une saveur douce, sal\u00e9e et l\u00e9g\u00e8rement \u00e9pic\u00e9e,<span class=\"excerpt-hellip\"> [\u2026]<\/span><\/p>\n","protected":false},"featured_media":195119,"comment_status":"open","ping_status":"closed","template":"","meta":[],"product_cat":[8449,8580],"product_tag":[],"_links":{"self":[{"href":"https:\/\/www.laperlavalles.cat\/fr\/wp-json\/wp\/v2\/product\/195123"}],"collection":[{"href":"https:\/\/www.laperlavalles.cat\/fr\/wp-json\/wp\/v2\/product"}],"about":[{"href":"https:\/\/www.laperlavalles.cat\/fr\/wp-json\/wp\/v2\/types\/product"}],"replies":[{"embeddable":true,"href":"https:\/\/www.laperlavalles.cat\/fr\/wp-json\/wp\/v2\/comments?post=195123"}],"wp:featuredmedia":[{"embeddable":true,"href":"https:\/\/www.laperlavalles.cat\/fr\/wp-json\/wp\/v2\/media\/195119"}],"wp:attachment":[{"href":"https:\/\/www.laperlavalles.cat\/fr\/wp-json\/wp\/v2\/media?parent=195123"}],"wp:term":[{"taxonomy":"product_cat","embeddable":true,"href":"https:\/\/www.laperlavalles.cat\/fr\/wp-json\/wp\/v2\/product_cat?post=195123"},{"taxonomy":"product_tag","embeddable":true,"href":"https:\/\/www.laperlavalles.cat\/fr\/wp-json\/wp\/v2\/product_tag?post=195123"}],"curies":[{"name":"wp","href":"https:\/\/api.w.org\/{rel}","templated":true}]}}