{"id":195373,"date":"2025-06-09T10:35:41","date_gmt":"2025-06-09T08:35:41","guid":{"rendered":"https:\/\/www.laperlavalles.cat\/product\/sauce-dhuitres-227kg-pearl-river-bridge-4\/"},"modified":"2025-06-09T10:35:41","modified_gmt":"2025-06-09T08:35:41","slug":"sauce-dhuitres-227kg-pearl-river-bridge-4","status":"publish","type":"product","link":"https:\/\/www.laperlavalles.cat\/fr\/produit\/sauce-dhuitres-227kg-pearl-river-bridge-4\/","title":{"rendered":"SAUCE D\u2019HU\u00ceTRES 2,27KG PEARL RIVER BRIDGE"},"content":{"rendered":"<p>Sauce asiatique \u00e0 base d\u2019extrait d\u2019hu\u00eetres, eau, sel et \u00e9paississants. Elle a une texture \u00e9paisse et une saveur intense, l\u00e9g\u00e8rement sucr\u00e9e et sal\u00e9e, parfaite pour relever les plats cuisin\u00e9s, saut\u00e9s ou marin\u00e9s.<\/p>\n","protected":false},"excerpt":{"rendered":"<p>Sauce asiatique \u00e0 base d\u2019extrait d\u2019hu\u00eetres, eau, sel et \u00e9paississants. Elle a une texture \u00e9paisse et une saveur intense, l\u00e9g\u00e8rement sucr\u00e9e et sal\u00e9e, parfaite pour relever<span class=\"excerpt-hellip\"> [\u2026]<\/span><\/p>\n","protected":false},"featured_media":195369,"comment_status":"open","ping_status":"closed","template":"","meta":[],"product_cat":[8449,8580],"product_tag":[],"_links":{"self":[{"href":"https:\/\/www.laperlavalles.cat\/fr\/wp-json\/wp\/v2\/product\/195373"}],"collection":[{"href":"https:\/\/www.laperlavalles.cat\/fr\/wp-json\/wp\/v2\/product"}],"about":[{"href":"https:\/\/www.laperlavalles.cat\/fr\/wp-json\/wp\/v2\/types\/product"}],"replies":[{"embeddable":true,"href":"https:\/\/www.laperlavalles.cat\/fr\/wp-json\/wp\/v2\/comments?post=195373"}],"wp:featuredmedia":[{"embeddable":true,"href":"https:\/\/www.laperlavalles.cat\/fr\/wp-json\/wp\/v2\/media\/195369"}],"wp:attachment":[{"href":"https:\/\/www.laperlavalles.cat\/fr\/wp-json\/wp\/v2\/media?parent=195373"}],"wp:term":[{"taxonomy":"product_cat","embeddable":true,"href":"https:\/\/www.laperlavalles.cat\/fr\/wp-json\/wp\/v2\/product_cat?post=195373"},{"taxonomy":"product_tag","embeddable":true,"href":"https:\/\/www.laperlavalles.cat\/fr\/wp-json\/wp\/v2\/product_tag?post=195373"}],"curies":[{"name":"wp","href":"https:\/\/api.w.org\/{rel}","templated":true}]}}