{"id":195548,"date":"2025-06-09T10:50:51","date_gmt":"2025-06-09T08:51:11","guid":{"rendered":"https:\/\/www.laperlavalles.cat\/product\/algue-nori-pour-sushi-yummyto-50-feuilles-x-10-sachets\/"},"modified":"2025-07-03T11:40:40","modified_gmt":"2025-07-03T09:40:40","slug":"algue-nori-pour-sushi-yummyto-50-feuilles-x-10-sachets","status":"publish","type":"product","link":"https:\/\/www.laperlavalles.cat\/fr\/produit\/algue-nori-pour-sushi-yummyto-50-feuilles-x-10-sachets\/","title":{"rendered":"ALGUE NORI POUR SUSHI YUMMYTO 50 FEUILLES x 10 SACHETS"},"content":{"rendered":"<p>Algue nori s\u00e9ch\u00e9e et grill\u00e9e en fines feuilles, au go\u00fbt doux et l\u00e9g\u00e8rement sal\u00e9. Indispensable pour pr\u00e9parer des sushis, elle apporte texture et des nutriments comme l\u2019iode, le fer et la vitamine B12.<\/p>\n","protected":false},"excerpt":{"rendered":"<p>Algue nori s\u00e9ch\u00e9e et grill\u00e9e en fines feuilles, au go\u00fbt doux et l\u00e9g\u00e8rement sal\u00e9. Indispensable pour pr\u00e9parer des sushis, elle apporte texture et des nutriments comme<span class=\"excerpt-hellip\"> [\u2026]<\/span><\/p>\n","protected":false},"featured_media":195531,"comment_status":"open","ping_status":"closed","template":"","meta":[],"product_cat":[8581,8449],"product_tag":[],"_links":{"self":[{"href":"https:\/\/www.laperlavalles.cat\/fr\/wp-json\/wp\/v2\/product\/195548"}],"collection":[{"href":"https:\/\/www.laperlavalles.cat\/fr\/wp-json\/wp\/v2\/product"}],"about":[{"href":"https:\/\/www.laperlavalles.cat\/fr\/wp-json\/wp\/v2\/types\/product"}],"replies":[{"embeddable":true,"href":"https:\/\/www.laperlavalles.cat\/fr\/wp-json\/wp\/v2\/comments?post=195548"}],"wp:featuredmedia":[{"embeddable":true,"href":"https:\/\/www.laperlavalles.cat\/fr\/wp-json\/wp\/v2\/media\/195531"}],"wp:attachment":[{"href":"https:\/\/www.laperlavalles.cat\/fr\/wp-json\/wp\/v2\/media?parent=195548"}],"wp:term":[{"taxonomy":"product_cat","embeddable":true,"href":"https:\/\/www.laperlavalles.cat\/fr\/wp-json\/wp\/v2\/product_cat?post=195548"},{"taxonomy":"product_tag","embeddable":true,"href":"https:\/\/www.laperlavalles.cat\/fr\/wp-json\/wp\/v2\/product_tag?post=195548"}],"curies":[{"name":"wp","href":"https:\/\/api.w.org\/{rel}","templated":true}]}}