{"id":195748,"date":"2025-06-09T11:07:48","date_gmt":"2025-06-09T09:07:48","guid":{"rendered":"https:\/\/www.laperlavalles.cat\/product\/wasabi-en-pate-tube-yummyto-42g-6\/"},"modified":"2025-06-09T11:07:48","modified_gmt":"2025-06-09T09:07:48","slug":"wasabi-en-pate-tube-yummyto-42g-6","status":"publish","type":"product","link":"https:\/\/www.laperlavalles.cat\/fr\/produit\/wasabi-en-pate-tube-yummyto-42g-6\/","title":{"rendered":"WASABI EN P\u00c2TE TUBE YUMMYTO 42G"},"content":{"rendered":"<p>P\u00e2te de wasabi au go\u00fbt intense et piquant, compos\u00e9e de raifort, wasabi, \u00e9pices et colorants. Parfaite pour accompagner les sushis, sashimis ou relever divers plats asiatiques.<\/p>\n","protected":false},"excerpt":{"rendered":"<p>P\u00e2te de wasabi au go\u00fbt intense et piquant, compos\u00e9e de raifort, wasabi, \u00e9pices et colorants. Parfaite pour accompagner les sushis, sashimis ou relever divers plats asiatiques.<\/p>\n","protected":false},"featured_media":195744,"comment_status":"open","ping_status":"closed","template":"","meta":[],"product_cat":[8581,8449],"product_tag":[],"_links":{"self":[{"href":"https:\/\/www.laperlavalles.cat\/fr\/wp-json\/wp\/v2\/product\/195748"}],"collection":[{"href":"https:\/\/www.laperlavalles.cat\/fr\/wp-json\/wp\/v2\/product"}],"about":[{"href":"https:\/\/www.laperlavalles.cat\/fr\/wp-json\/wp\/v2\/types\/product"}],"replies":[{"embeddable":true,"href":"https:\/\/www.laperlavalles.cat\/fr\/wp-json\/wp\/v2\/comments?post=195748"}],"wp:featuredmedia":[{"embeddable":true,"href":"https:\/\/www.laperlavalles.cat\/fr\/wp-json\/wp\/v2\/media\/195744"}],"wp:attachment":[{"href":"https:\/\/www.laperlavalles.cat\/fr\/wp-json\/wp\/v2\/media?parent=195748"}],"wp:term":[{"taxonomy":"product_cat","embeddable":true,"href":"https:\/\/www.laperlavalles.cat\/fr\/wp-json\/wp\/v2\/product_cat?post=195748"},{"taxonomy":"product_tag","embeddable":true,"href":"https:\/\/www.laperlavalles.cat\/fr\/wp-json\/wp\/v2\/product_tag?post=195748"}],"curies":[{"name":"wp","href":"https:\/\/api.w.org\/{rel}","templated":true}]}}