{"id":195968,"date":"2025-06-09T11:28:58","date_gmt":"2025-06-09T09:28:58","guid":{"rendered":"https:\/\/www.laperlavalles.cat\/product\/arome-vanille-foster-clark-35g-5\/"},"modified":"2025-06-09T11:28:58","modified_gmt":"2025-06-09T09:28:58","slug":"arome-vanille-foster-clark-35g-5","status":"publish","type":"product","link":"https:\/\/www.laperlavalles.cat\/fr\/produit\/arome-vanille-foster-clark-35g-5\/","title":{"rendered":"AR\u00d4ME VANILLE FOSTER CLARK 35G"},"content":{"rendered":"<p>Ar\u00f4me en poudre pour p\u00e2tisserie et desserts, avec une saveur et un parfum intenses de vanille. Sert \u00e0 renforcer le go\u00fbt des p\u00e2tes, cr\u00e8mes, laits et boissons.<\/p>\n","protected":false},"excerpt":{"rendered":"<p>Ar\u00f4me en poudre pour p\u00e2tisserie et desserts, avec une saveur et un parfum intenses de vanille. Sert \u00e0 renforcer le go\u00fbt des p\u00e2tes, cr\u00e8mes, laits et<span class=\"excerpt-hellip\"> [\u2026]<\/span><\/p>\n","protected":false},"featured_media":195964,"comment_status":"open","ping_status":"closed","template":"","meta":[],"product_cat":[8584,8446],"product_tag":[],"_links":{"self":[{"href":"https:\/\/www.laperlavalles.cat\/fr\/wp-json\/wp\/v2\/product\/195968"}],"collection":[{"href":"https:\/\/www.laperlavalles.cat\/fr\/wp-json\/wp\/v2\/product"}],"about":[{"href":"https:\/\/www.laperlavalles.cat\/fr\/wp-json\/wp\/v2\/types\/product"}],"replies":[{"embeddable":true,"href":"https:\/\/www.laperlavalles.cat\/fr\/wp-json\/wp\/v2\/comments?post=195968"}],"wp:featuredmedia":[{"embeddable":true,"href":"https:\/\/www.laperlavalles.cat\/fr\/wp-json\/wp\/v2\/media\/195964"}],"wp:attachment":[{"href":"https:\/\/www.laperlavalles.cat\/fr\/wp-json\/wp\/v2\/media?parent=195968"}],"wp:term":[{"taxonomy":"product_cat","embeddable":true,"href":"https:\/\/www.laperlavalles.cat\/fr\/wp-json\/wp\/v2\/product_cat?post=195968"},{"taxonomy":"product_tag","embeddable":true,"href":"https:\/\/www.laperlavalles.cat\/fr\/wp-json\/wp\/v2\/product_tag?post=195968"}],"curies":[{"name":"wp","href":"https:\/\/api.w.org\/{rel}","templated":true}]}}