{"id":196078,"date":"2025-06-09T11:38:25","date_gmt":"2025-06-09T09:38:25","guid":{"rendered":"https:\/\/www.laperlavalles.cat\/product\/levure-chimique-en-poudre-foster-clark-10g-6\/"},"modified":"2025-06-09T11:38:25","modified_gmt":"2025-06-09T09:38:25","slug":"levure-chimique-en-poudre-foster-clark-10g-6","status":"publish","type":"product","link":"https:\/\/www.laperlavalles.cat\/fr\/produit\/levure-chimique-en-poudre-foster-clark-10g-6\/","title":{"rendered":"LEVURE CHIMIQUE EN POUDRE FOSTER CLARK 10G"},"content":{"rendered":"<p>Levure chimique en poudre pour p\u00e2tisserie, parfaite pour r\u00e9ussir g\u00e2teaux, tartes et p\u00e2tes l\u00e9g\u00e8res et a\u00e9r\u00e9es<\/p>\n","protected":false},"excerpt":{"rendered":"<p>Levure chimique en poudre pour p\u00e2tisserie, parfaite pour r\u00e9ussir g\u00e2teaux, tartes et p\u00e2tes l\u00e9g\u00e8res et a\u00e9r\u00e9es<\/p>\n","protected":false},"featured_media":196074,"comment_status":"open","ping_status":"closed","template":"","meta":[],"product_cat":[8446,8584],"product_tag":[],"_links":{"self":[{"href":"https:\/\/www.laperlavalles.cat\/fr\/wp-json\/wp\/v2\/product\/196078"}],"collection":[{"href":"https:\/\/www.laperlavalles.cat\/fr\/wp-json\/wp\/v2\/product"}],"about":[{"href":"https:\/\/www.laperlavalles.cat\/fr\/wp-json\/wp\/v2\/types\/product"}],"replies":[{"embeddable":true,"href":"https:\/\/www.laperlavalles.cat\/fr\/wp-json\/wp\/v2\/comments?post=196078"}],"wp:featuredmedia":[{"embeddable":true,"href":"https:\/\/www.laperlavalles.cat\/fr\/wp-json\/wp\/v2\/media\/196074"}],"wp:attachment":[{"href":"https:\/\/www.laperlavalles.cat\/fr\/wp-json\/wp\/v2\/media?parent=196078"}],"wp:term":[{"taxonomy":"product_cat","embeddable":true,"href":"https:\/\/www.laperlavalles.cat\/fr\/wp-json\/wp\/v2\/product_cat?post=196078"},{"taxonomy":"product_tag","embeddable":true,"href":"https:\/\/www.laperlavalles.cat\/fr\/wp-json\/wp\/v2\/product_tag?post=196078"}],"curies":[{"name":"wp","href":"https:\/\/api.w.org\/{rel}","templated":true}]}}