{"id":196093,"date":"2025-06-09T11:39:52","date_gmt":"2025-06-09T09:39:52","guid":{"rendered":"https:\/\/www.laperlavalles.cat\/product\/levure-chimique-en-poudre-foster-clark-10g-7\/"},"modified":"2025-06-09T11:39:52","modified_gmt":"2025-06-09T09:39:52","slug":"levure-chimique-en-poudre-foster-clark-10g-7","status":"publish","type":"product","link":"https:\/\/www.laperlavalles.cat\/fr\/produit\/levure-chimique-en-poudre-foster-clark-10g-7\/","title":{"rendered":"LEVURE CHIMIQUE EN POUDRE FOSTER CLARK 10G"},"content":{"rendered":"<p>Levure chimique en poudre pour p\u00e2tisserie, parfaite pour r\u00e9ussir g\u00e2teaux, tartes et p\u00e2tes l\u00e9g\u00e8res et a\u00e9r\u00e9es<\/p>\n","protected":false},"excerpt":{"rendered":"<p>Levure chimique en poudre pour p\u00e2tisserie, parfaite pour r\u00e9ussir g\u00e2teaux, tartes et p\u00e2tes l\u00e9g\u00e8res et a\u00e9r\u00e9es<\/p>\n","protected":false},"featured_media":196089,"comment_status":"open","ping_status":"closed","template":"","meta":[],"product_cat":[8584,8446],"product_tag":[],"_links":{"self":[{"href":"https:\/\/www.laperlavalles.cat\/fr\/wp-json\/wp\/v2\/product\/196093"}],"collection":[{"href":"https:\/\/www.laperlavalles.cat\/fr\/wp-json\/wp\/v2\/product"}],"about":[{"href":"https:\/\/www.laperlavalles.cat\/fr\/wp-json\/wp\/v2\/types\/product"}],"replies":[{"embeddable":true,"href":"https:\/\/www.laperlavalles.cat\/fr\/wp-json\/wp\/v2\/comments?post=196093"}],"wp:featuredmedia":[{"embeddable":true,"href":"https:\/\/www.laperlavalles.cat\/fr\/wp-json\/wp\/v2\/media\/196089"}],"wp:attachment":[{"href":"https:\/\/www.laperlavalles.cat\/fr\/wp-json\/wp\/v2\/media?parent=196093"}],"wp:term":[{"taxonomy":"product_cat","embeddable":true,"href":"https:\/\/www.laperlavalles.cat\/fr\/wp-json\/wp\/v2\/product_cat?post=196093"},{"taxonomy":"product_tag","embeddable":true,"href":"https:\/\/www.laperlavalles.cat\/fr\/wp-json\/wp\/v2\/product_tag?post=196093"}],"curies":[{"name":"wp","href":"https:\/\/api.w.org\/{rel}","templated":true}]}}