{"id":196133,"date":"2025-06-09T11:42:38","date_gmt":"2025-06-09T09:42:38","guid":{"rendered":"https:\/\/www.laperlavalles.cat\/product\/yolac-naturel-avec-lait-promolac-1kg-2\/"},"modified":"2025-06-09T11:42:38","modified_gmt":"2025-06-09T09:42:38","slug":"yolac-naturel-avec-lait-promolac-1kg-2","status":"publish","type":"product","link":"https:\/\/www.laperlavalles.cat\/fr\/produit\/yolac-naturel-avec-lait-promolac-1kg-2\/","title":{"rendered":"YOLAC NATUREL AVEC LAIT PROMOLAC 1KG"},"content":{"rendered":"<p>Pr\u00e9paration en poudre avec du lait, id\u00e9ale pour apporter onctuosit\u00e9 et saveur douce aux soupes, pur\u00e9es, sauces et autres plats<\/p>\n","protected":false},"excerpt":{"rendered":"<p>Pr\u00e9paration en poudre avec du lait, id\u00e9ale pour apporter onctuosit\u00e9 et saveur douce aux soupes, pur\u00e9es, sauces et autres plats<\/p>\n","protected":false},"featured_media":196129,"comment_status":"open","ping_status":"closed","template":"","meta":[],"product_cat":[8446,8584],"product_tag":[],"_links":{"self":[{"href":"https:\/\/www.laperlavalles.cat\/fr\/wp-json\/wp\/v2\/product\/196133"}],"collection":[{"href":"https:\/\/www.laperlavalles.cat\/fr\/wp-json\/wp\/v2\/product"}],"about":[{"href":"https:\/\/www.laperlavalles.cat\/fr\/wp-json\/wp\/v2\/types\/product"}],"replies":[{"embeddable":true,"href":"https:\/\/www.laperlavalles.cat\/fr\/wp-json\/wp\/v2\/comments?post=196133"}],"wp:featuredmedia":[{"embeddable":true,"href":"https:\/\/www.laperlavalles.cat\/fr\/wp-json\/wp\/v2\/media\/196129"}],"wp:attachment":[{"href":"https:\/\/www.laperlavalles.cat\/fr\/wp-json\/wp\/v2\/media?parent=196133"}],"wp:term":[{"taxonomy":"product_cat","embeddable":true,"href":"https:\/\/www.laperlavalles.cat\/fr\/wp-json\/wp\/v2\/product_cat?post=196133"},{"taxonomy":"product_tag","embeddable":true,"href":"https:\/\/www.laperlavalles.cat\/fr\/wp-json\/wp\/v2\/product_tag?post=196133"}],"curies":[{"name":"wp","href":"https:\/\/api.w.org\/{rel}","templated":true}]}}