{"id":196208,"date":"2025-06-09T11:49:51","date_gmt":"2025-06-09T09:49:51","guid":{"rendered":"https:\/\/www.laperlavalles.cat\/product\/yolac-naturel-avec-lait-promolac-1kg-7\/"},"modified":"2025-06-09T11:49:51","modified_gmt":"2025-06-09T09:49:51","slug":"yolac-naturel-avec-lait-promolac-1kg-7","status":"publish","type":"product","link":"https:\/\/www.laperlavalles.cat\/fr\/produit\/yolac-naturel-avec-lait-promolac-1kg-7\/","title":{"rendered":"YOLAC NATUREL AVEC LAIT PROMOLAC 1KG"},"content":{"rendered":"<p>Pr\u00e9paration en poudre avec du lait, id\u00e9ale pour apporter onctuosit\u00e9 et saveur douce aux soupes, pur\u00e9es, sauces et autres plats<\/p>\n","protected":false},"excerpt":{"rendered":"<p>Pr\u00e9paration en poudre avec du lait, id\u00e9ale pour apporter onctuosit\u00e9 et saveur douce aux soupes, pur\u00e9es, sauces et autres plats<\/p>\n","protected":false},"featured_media":196204,"comment_status":"open","ping_status":"closed","template":"","meta":[],"product_cat":[8584,8446],"product_tag":[],"_links":{"self":[{"href":"https:\/\/www.laperlavalles.cat\/fr\/wp-json\/wp\/v2\/product\/196208"}],"collection":[{"href":"https:\/\/www.laperlavalles.cat\/fr\/wp-json\/wp\/v2\/product"}],"about":[{"href":"https:\/\/www.laperlavalles.cat\/fr\/wp-json\/wp\/v2\/types\/product"}],"replies":[{"embeddable":true,"href":"https:\/\/www.laperlavalles.cat\/fr\/wp-json\/wp\/v2\/comments?post=196208"}],"wp:featuredmedia":[{"embeddable":true,"href":"https:\/\/www.laperlavalles.cat\/fr\/wp-json\/wp\/v2\/media\/196204"}],"wp:attachment":[{"href":"https:\/\/www.laperlavalles.cat\/fr\/wp-json\/wp\/v2\/media?parent=196208"}],"wp:term":[{"taxonomy":"product_cat","embeddable":true,"href":"https:\/\/www.laperlavalles.cat\/fr\/wp-json\/wp\/v2\/product_cat?post=196208"},{"taxonomy":"product_tag","embeddable":true,"href":"https:\/\/www.laperlavalles.cat\/fr\/wp-json\/wp\/v2\/product_tag?post=196208"}],"curies":[{"name":"wp","href":"https:\/\/api.w.org\/{rel}","templated":true}]}}