{"id":196338,"date":"2025-06-10T08:10:47","date_gmt":"2025-06-10T06:10:47","guid":{"rendered":"https:\/\/www.laperlavalles.cat\/product\/huevo-en-polvo-promolac-360g-8\/"},"modified":"2025-06-10T08:10:47","modified_gmt":"2025-06-10T06:10:47","slug":"huevo-en-polvo-promolac-360g-8","status":"publish","type":"product","link":"https:\/\/www.laperlavalles.cat\/fr\/produit\/huevo-en-polvo-promolac-360g-8\/","title":{"rendered":"HUEVO EN POLVO PROMOLAC 360G"},"content":{"rendered":"<p>\u0152uf d\u00e9shydrat\u00e9 en poudre, id\u00e9al pour la p\u00e2tisserie, la boulangerie, la cuisine professionnelle et la pr\u00e9paration d\u2019\u0153ufs brouill\u00e9s, d\u2019omelettes ou de p\u00e2tes. Se conserve facilement et peut remplacer l\u2019\u0153uf frais dans de nombreuses recettes.<\/p>\n","protected":false},"excerpt":{"rendered":"<p>\u0152uf d\u00e9shydrat\u00e9 en poudre, id\u00e9al pour la p\u00e2tisserie, la boulangerie, la cuisine professionnelle et la pr\u00e9paration d\u2019\u0153ufs brouill\u00e9s, d\u2019omelettes ou de p\u00e2tes. Se conserve facilement et<span class=\"excerpt-hellip\"> [\u2026]<\/span><\/p>\n","protected":false},"featured_media":196334,"comment_status":"open","ping_status":"closed","template":"","meta":[],"product_cat":[8588],"product_tag":[],"_links":{"self":[{"href":"https:\/\/www.laperlavalles.cat\/fr\/wp-json\/wp\/v2\/product\/196338"}],"collection":[{"href":"https:\/\/www.laperlavalles.cat\/fr\/wp-json\/wp\/v2\/product"}],"about":[{"href":"https:\/\/www.laperlavalles.cat\/fr\/wp-json\/wp\/v2\/types\/product"}],"replies":[{"embeddable":true,"href":"https:\/\/www.laperlavalles.cat\/fr\/wp-json\/wp\/v2\/comments?post=196338"}],"wp:featuredmedia":[{"embeddable":true,"href":"https:\/\/www.laperlavalles.cat\/fr\/wp-json\/wp\/v2\/media\/196334"}],"wp:attachment":[{"href":"https:\/\/www.laperlavalles.cat\/fr\/wp-json\/wp\/v2\/media?parent=196338"}],"wp:term":[{"taxonomy":"product_cat","embeddable":true,"href":"https:\/\/www.laperlavalles.cat\/fr\/wp-json\/wp\/v2\/product_cat?post=196338"},{"taxonomy":"product_tag","embeddable":true,"href":"https:\/\/www.laperlavalles.cat\/fr\/wp-json\/wp\/v2\/product_tag?post=196338"}],"curies":[{"name":"wp","href":"https:\/\/api.w.org\/{rel}","templated":true}]}}