{"id":196448,"date":"2025-06-10T08:21:05","date_gmt":"2025-06-10T06:21:05","guid":{"rendered":"https:\/\/www.laperlavalles.cat\/product\/melange-pour-banku-king-africa-1kg-6\/"},"modified":"2025-06-10T08:21:05","modified_gmt":"2025-06-10T06:21:05","slug":"melange-pour-banku-king-africa-1kg-6","status":"publish","type":"product","link":"https:\/\/www.laperlavalles.cat\/fr\/produit\/melange-pour-banku-king-africa-1kg-6\/","title":{"rendered":"M\u00c9LANGE POUR BANKU KING AFRICA 1KG"},"content":{"rendered":"<p>M\u00e9lange en poudre pour pr\u00e9parer le banku, un plat traditionnel du Ghana. Compos\u00e9e de farine de ma\u00efs ferment\u00e9e et de farine de manioc, ce m\u00e9lange permet d\u2019obtenir la texture souple et la saveur typique du banku. Il suffit d\u2019ajouter de l\u2019eau et de cuire en remuant jusqu\u2019\u00e0 obtenir une p\u00e2te homog\u00e8ne et \u00e9lastique, parfaite pour accompagner soupes et rago\u00fbts africains.<\/p>\n","protected":false},"excerpt":{"rendered":"<p>M\u00e9lange en poudre pour pr\u00e9parer le banku, un plat traditionnel du Ghana. Compos\u00e9e de farine de ma\u00efs ferment\u00e9e et de farine de manioc, ce m\u00e9lange permet<span class=\"excerpt-hellip\"> [\u2026]<\/span><\/p>\n","protected":false},"featured_media":196444,"comment_status":"open","ping_status":"closed","template":"","meta":[],"product_cat":[8589,8456],"product_tag":[],"_links":{"self":[{"href":"https:\/\/www.laperlavalles.cat\/fr\/wp-json\/wp\/v2\/product\/196448"}],"collection":[{"href":"https:\/\/www.laperlavalles.cat\/fr\/wp-json\/wp\/v2\/product"}],"about":[{"href":"https:\/\/www.laperlavalles.cat\/fr\/wp-json\/wp\/v2\/types\/product"}],"replies":[{"embeddable":true,"href":"https:\/\/www.laperlavalles.cat\/fr\/wp-json\/wp\/v2\/comments?post=196448"}],"wp:featuredmedia":[{"embeddable":true,"href":"https:\/\/www.laperlavalles.cat\/fr\/wp-json\/wp\/v2\/media\/196444"}],"wp:attachment":[{"href":"https:\/\/www.laperlavalles.cat\/fr\/wp-json\/wp\/v2\/media?parent=196448"}],"wp:term":[{"taxonomy":"product_cat","embeddable":true,"href":"https:\/\/www.laperlavalles.cat\/fr\/wp-json\/wp\/v2\/product_cat?post=196448"},{"taxonomy":"product_tag","embeddable":true,"href":"https:\/\/www.laperlavalles.cat\/fr\/wp-json\/wp\/v2\/product_tag?post=196448"}],"curies":[{"name":"wp","href":"https:\/\/api.w.org\/{rel}","templated":true}]}}