{"id":196668,"date":"2025-06-10T08:39:46","date_gmt":"2025-06-10T06:39:46","guid":{"rendered":"https:\/\/www.laperlavalles.cat\/product\/melange-pour-banku-king-africa-4kg-8\/"},"modified":"2025-06-10T08:39:46","modified_gmt":"2025-06-10T06:39:46","slug":"melange-pour-banku-king-africa-4kg-8","status":"publish","type":"product","link":"https:\/\/www.laperlavalles.cat\/fr\/produit\/melange-pour-banku-king-africa-4kg-8\/","title":{"rendered":"M\u00c9LANGE POUR BANKU KING AFRICA 4KG"},"content":{"rendered":"<p>M\u00e9lange en poudre pour pr\u00e9parer le banku, un plat traditionnel du Ghana. Compos\u00e9e de farine de ma\u00efs ferment\u00e9e et de farine de manioc, ce m\u00e9lange permet d\u2019obtenir la texture souple et la saveur typique du banku. Il suffit d\u2019ajouter de l\u2019eau et de cuire en remuant jusqu\u2019\u00e0 obtenir une p\u00e2te homog\u00e8ne et \u00e9lastique, parfaite pour accompagner soupes et rago\u00fbts africains.<br \/>\nLa Perla distribue des produits alimentaires d&rsquo;Afrique. Contactez-nous si vous avez un magasin et souhaitez vendre des produits africains.<\/p>\n","protected":false},"excerpt":{"rendered":"<p>M\u00e9lange en poudre pour pr\u00e9parer le banku, un plat traditionnel du Ghana. Compos\u00e9e de farine de ma\u00efs ferment\u00e9e et de farine de manioc, ce m\u00e9lange permet<span class=\"excerpt-hellip\"> [\u2026]<\/span><\/p>\n","protected":false},"featured_media":196664,"comment_status":"open","ping_status":"closed","template":"","meta":[],"product_cat":[8589,8456],"product_tag":[],"_links":{"self":[{"href":"https:\/\/www.laperlavalles.cat\/fr\/wp-json\/wp\/v2\/product\/196668"}],"collection":[{"href":"https:\/\/www.laperlavalles.cat\/fr\/wp-json\/wp\/v2\/product"}],"about":[{"href":"https:\/\/www.laperlavalles.cat\/fr\/wp-json\/wp\/v2\/types\/product"}],"replies":[{"embeddable":true,"href":"https:\/\/www.laperlavalles.cat\/fr\/wp-json\/wp\/v2\/comments?post=196668"}],"wp:featuredmedia":[{"embeddable":true,"href":"https:\/\/www.laperlavalles.cat\/fr\/wp-json\/wp\/v2\/media\/196664"}],"wp:attachment":[{"href":"https:\/\/www.laperlavalles.cat\/fr\/wp-json\/wp\/v2\/media?parent=196668"}],"wp:term":[{"taxonomy":"product_cat","embeddable":true,"href":"https:\/\/www.laperlavalles.cat\/fr\/wp-json\/wp\/v2\/product_cat?post=196668"},{"taxonomy":"product_tag","embeddable":true,"href":"https:\/\/www.laperlavalles.cat\/fr\/wp-json\/wp\/v2\/product_tag?post=196668"}],"curies":[{"name":"wp","href":"https:\/\/api.w.org\/{rel}","templated":true}]}}