{"id":196718,"date":"2025-06-10T08:42:19","date_gmt":"2025-06-10T06:42:19","guid":{"rendered":"https:\/\/www.laperlavalles.cat\/product\/farine-a-tempura-beary-1kg-3\/"},"modified":"2025-06-10T08:42:19","modified_gmt":"2025-06-10T06:42:19","slug":"farine-a-tempura-beary-1kg-3","status":"publish","type":"product","link":"https:\/\/www.laperlavalles.cat\/fr\/produit\/farine-a-tempura-beary-1kg-3\/","title":{"rendered":"FARINE \u00c0 TEMPURA BEARY 1KG"},"content":{"rendered":"<p>Farine sp\u00e9ciale pour paner et frire, tr\u00e8s fine et l\u00e9g\u00e8re, id\u00e9ale pour obtenir une tempura croustillante et a\u00e9r\u00e9e. Il suffit de la m\u00e9langer avec de l\u2019eau tr\u00e8s froide, d\u2019enrober l\u00e9gumes, poisson ou fruits de mer et de frire dans l\u2019huile chaude pour une texture l\u00e9g\u00e8re et croustillante, typique de la tempura japonaise.<\/p>\n","protected":false},"excerpt":{"rendered":"<p>Farine sp\u00e9ciale pour paner et frire, tr\u00e8s fine et l\u00e9g\u00e8re, id\u00e9ale pour obtenir une tempura croustillante et a\u00e9r\u00e9e. Il suffit de la m\u00e9langer avec de l\u2019eau<span class=\"excerpt-hellip\"> [\u2026]<\/span><\/p>\n","protected":false},"featured_media":196714,"comment_status":"open","ping_status":"closed","template":"","meta":[],"product_cat":[8589,8456],"product_tag":[],"_links":{"self":[{"href":"https:\/\/www.laperlavalles.cat\/fr\/wp-json\/wp\/v2\/product\/196718"}],"collection":[{"href":"https:\/\/www.laperlavalles.cat\/fr\/wp-json\/wp\/v2\/product"}],"about":[{"href":"https:\/\/www.laperlavalles.cat\/fr\/wp-json\/wp\/v2\/types\/product"}],"replies":[{"embeddable":true,"href":"https:\/\/www.laperlavalles.cat\/fr\/wp-json\/wp\/v2\/comments?post=196718"}],"wp:featuredmedia":[{"embeddable":true,"href":"https:\/\/www.laperlavalles.cat\/fr\/wp-json\/wp\/v2\/media\/196714"}],"wp:attachment":[{"href":"https:\/\/www.laperlavalles.cat\/fr\/wp-json\/wp\/v2\/media?parent=196718"}],"wp:term":[{"taxonomy":"product_cat","embeddable":true,"href":"https:\/\/www.laperlavalles.cat\/fr\/wp-json\/wp\/v2\/product_cat?post=196718"},{"taxonomy":"product_tag","embeddable":true,"href":"https:\/\/www.laperlavalles.cat\/fr\/wp-json\/wp\/v2\/product_tag?post=196718"}],"curies":[{"name":"wp","href":"https:\/\/api.w.org\/{rel}","templated":true}]}}