{"id":196843,"date":"2025-06-10T08:50:49","date_gmt":"2025-06-10T06:51:07","guid":{"rendered":"https:\/\/www.laperlavalles.cat\/product\/the-oolong-gold-kili-tontin-2\/"},"modified":"2025-06-10T14:03:07","modified_gmt":"2025-06-10T12:03:07","slug":"the-oolong-gold-kili-tontin-2","status":"publish","type":"product","link":"https:\/\/www.laperlavalles.cat\/fr\/produit\/the-oolong-gold-kili-tontin-2\/","title":{"rendered":"TH\u00c9 OOLONG GOLD KILI TONTIN"},"content":{"rendered":"<p>Th\u00e9 oolong de haute qualit\u00e9 en sachets, \u00e0 la saveur douce, au corps ample et aux subtiles notes florales. Il offre un \u00e9quilibre d\u00e9licat entre le th\u00e9 vert et le th\u00e9 noir. Les feuilles sont cultiv\u00e9es en altitude et soigneusement transform\u00e9es pour pr\u00e9server ar\u00f4me et go\u00fbt.<\/p>\n","protected":false},"excerpt":{"rendered":"<p>Th\u00e9 oolong de haute qualit\u00e9 en sachets, \u00e0 la saveur douce, au corps ample et aux subtiles notes florales. Il offre un \u00e9quilibre d\u00e9licat entre le<span class=\"excerpt-hellip\"> [\u2026]<\/span><\/p>\n","protected":false},"featured_media":196811,"comment_status":"open","ping_status":"closed","template":"","meta":[],"product_cat":[8600,8446],"product_tag":[],"_links":{"self":[{"href":"https:\/\/www.laperlavalles.cat\/fr\/wp-json\/wp\/v2\/product\/196843"}],"collection":[{"href":"https:\/\/www.laperlavalles.cat\/fr\/wp-json\/wp\/v2\/product"}],"about":[{"href":"https:\/\/www.laperlavalles.cat\/fr\/wp-json\/wp\/v2\/types\/product"}],"replies":[{"embeddable":true,"href":"https:\/\/www.laperlavalles.cat\/fr\/wp-json\/wp\/v2\/comments?post=196843"}],"wp:featuredmedia":[{"embeddable":true,"href":"https:\/\/www.laperlavalles.cat\/fr\/wp-json\/wp\/v2\/media\/196811"}],"wp:attachment":[{"href":"https:\/\/www.laperlavalles.cat\/fr\/wp-json\/wp\/v2\/media?parent=196843"}],"wp:term":[{"taxonomy":"product_cat","embeddable":true,"href":"https:\/\/www.laperlavalles.cat\/fr\/wp-json\/wp\/v2\/product_cat?post=196843"},{"taxonomy":"product_tag","embeddable":true,"href":"https:\/\/www.laperlavalles.cat\/fr\/wp-json\/wp\/v2\/product_tag?post=196843"}],"curies":[{"name":"wp","href":"https:\/\/api.w.org\/{rel}","templated":true}]}}