{"id":196863,"date":"2025-06-10T08:52:45","date_gmt":"2025-06-10T06:53:02","guid":{"rendered":"https:\/\/www.laperlavalles.cat\/product\/the-iron-buddha-gold-kili\/"},"modified":"2025-06-10T14:05:17","modified_gmt":"2025-06-10T12:05:17","slug":"the-iron-buddha-gold-kili","status":"publish","type":"product","link":"https:\/\/www.laperlavalles.cat\/fr\/produit\/the-iron-buddha-gold-kili\/","title":{"rendered":"TH\u00c9 IRON BUDDHA GOLD KILI"},"content":{"rendered":"<p>Th\u00e9 oolong premium \u00e9labor\u00e9 \u00e0 partir de feuilles de premi\u00e8re qualit\u00e9, r\u00e9put\u00e9 pour son ar\u00f4me terreux, sa saveur douce et ses notes florales. Offre une infusion dor\u00e9e et un go\u00fbt rond, l\u00e9g\u00e8rement grill\u00e9. Id\u00e9al pour se d\u00e9tendre ou savourer \u00e0 tout moment de la journ\u00e9e<\/p>\n","protected":false},"excerpt":{"rendered":"<p>Th\u00e9 oolong premium \u00e9labor\u00e9 \u00e0 partir de feuilles de premi\u00e8re qualit\u00e9, r\u00e9put\u00e9 pour son ar\u00f4me terreux, sa saveur douce et ses notes florales. Offre une infusion<span class=\"excerpt-hellip\"> [\u2026]<\/span><\/p>\n","protected":false},"featured_media":196846,"comment_status":"open","ping_status":"closed","template":"","meta":[],"product_cat":[8600,8446],"product_tag":[],"_links":{"self":[{"href":"https:\/\/www.laperlavalles.cat\/fr\/wp-json\/wp\/v2\/product\/196863"}],"collection":[{"href":"https:\/\/www.laperlavalles.cat\/fr\/wp-json\/wp\/v2\/product"}],"about":[{"href":"https:\/\/www.laperlavalles.cat\/fr\/wp-json\/wp\/v2\/types\/product"}],"replies":[{"embeddable":true,"href":"https:\/\/www.laperlavalles.cat\/fr\/wp-json\/wp\/v2\/comments?post=196863"}],"wp:featuredmedia":[{"embeddable":true,"href":"https:\/\/www.laperlavalles.cat\/fr\/wp-json\/wp\/v2\/media\/196846"}],"wp:attachment":[{"href":"https:\/\/www.laperlavalles.cat\/fr\/wp-json\/wp\/v2\/media?parent=196863"}],"wp:term":[{"taxonomy":"product_cat","embeddable":true,"href":"https:\/\/www.laperlavalles.cat\/fr\/wp-json\/wp\/v2\/product_cat?post=196863"},{"taxonomy":"product_tag","embeddable":true,"href":"https:\/\/www.laperlavalles.cat\/fr\/wp-json\/wp\/v2\/product_tag?post=196863"}],"curies":[{"name":"wp","href":"https:\/\/api.w.org\/{rel}","templated":true}]}}