{"id":196903,"date":"2025-06-10T08:56:45","date_gmt":"2025-06-10T06:57:00","guid":{"rendered":"https:\/\/www.laperlavalles.cat\/product\/the-vert-jasmin-gold-kili\/"},"modified":"2025-06-10T14:09:31","modified_gmt":"2025-06-10T12:09:31","slug":"the-vert-jasmin-gold-kili","status":"publish","type":"product","link":"https:\/\/www.laperlavalles.cat\/fr\/produit\/the-vert-jasmin-gold-kili\/","title":{"rendered":"TH\u00c9 VERT JASMIN GOLD KILI"},"content":{"rendered":"<p>Th\u00e9 vert de haute qualit\u00e9 associ\u00e9 \u00e0 des fleurs de jasmin, offrant un ar\u00f4me floral d\u00e9licat et une saveur douce et rafra\u00eechissante. Riche en antioxydants, parfait \u00e0 d\u00e9guster chaud ou froid \u00e0 tout moment de la journ\u00e9e.<\/p>\n","protected":false},"excerpt":{"rendered":"<p>Th\u00e9 vert de haute qualit\u00e9 associ\u00e9 \u00e0 des fleurs de jasmin, offrant un ar\u00f4me floral d\u00e9licat et une saveur douce et rafra\u00eechissante. Riche en antioxydants, parfait<span class=\"excerpt-hellip\"> [\u2026]<\/span><\/p>\n","protected":false},"featured_media":196886,"comment_status":"open","ping_status":"closed","template":"","meta":[],"product_cat":[8600,8446],"product_tag":[],"_links":{"self":[{"href":"https:\/\/www.laperlavalles.cat\/fr\/wp-json\/wp\/v2\/product\/196903"}],"collection":[{"href":"https:\/\/www.laperlavalles.cat\/fr\/wp-json\/wp\/v2\/product"}],"about":[{"href":"https:\/\/www.laperlavalles.cat\/fr\/wp-json\/wp\/v2\/types\/product"}],"replies":[{"embeddable":true,"href":"https:\/\/www.laperlavalles.cat\/fr\/wp-json\/wp\/v2\/comments?post=196903"}],"wp:featuredmedia":[{"embeddable":true,"href":"https:\/\/www.laperlavalles.cat\/fr\/wp-json\/wp\/v2\/media\/196886"}],"wp:attachment":[{"href":"https:\/\/www.laperlavalles.cat\/fr\/wp-json\/wp\/v2\/media?parent=196903"}],"wp:term":[{"taxonomy":"product_cat","embeddable":true,"href":"https:\/\/www.laperlavalles.cat\/fr\/wp-json\/wp\/v2\/product_cat?post=196903"},{"taxonomy":"product_tag","embeddable":true,"href":"https:\/\/www.laperlavalles.cat\/fr\/wp-json\/wp\/v2\/product_tag?post=196903"}],"curies":[{"name":"wp","href":"https:\/\/api.w.org\/{rel}","templated":true}]}}