{"id":196923,"date":"2025-06-10T08:58:41","date_gmt":"2025-06-10T06:58:57","guid":{"rendered":"https:\/\/www.laperlavalles.cat\/product\/camille-rose-sweet-ginger-rose-cleansing-rinse-12oz\/"},"modified":"2025-06-10T14:17:44","modified_gmt":"2025-06-10T12:17:44","slug":"camille-rose-sweet-ginger-rose-cleansing-rinse-12oz","status":"publish","type":"product","link":"https:\/\/www.laperlavalles.cat\/fr\/produit\/camille-rose-sweet-ginger-rose-cleansing-rinse-12oz\/","title":{"rendered":"CAMILLE ROSE SWEET GINGER ROSE CLEANSING RINSE 12OZ"},"content":{"rendered":"<p>Shampooing nettoyant doux au parfum de gingembre doux et de zeste de citron. Formul\u00e9 avec de la racine de gingembre, de l\u2019huile d\u2019anis et de l\u2019huile de ricin, il nettoie en profondeur sans dess\u00e9cher ni enlever l\u2019hydratation naturelle. Mousse riche, laisse les cheveux doux, souples et brillants. Convient \u00e0 tous types de cheveux, notamment boucl\u00e9s et textur\u00e9s<\/p>\n","protected":false},"excerpt":{"rendered":"<p>Shampooing nettoyant doux au parfum de gingembre doux et de zeste de citron. Formul\u00e9 avec de la racine de gingembre, de l\u2019huile d\u2019anis et de l\u2019huile<span class=\"excerpt-hellip\"> [\u2026]<\/span><\/p>\n","protected":false},"featured_media":196906,"comment_status":"open","ping_status":"closed","template":"","meta":[],"product_cat":[8461,24331],"product_tag":[],"_links":{"self":[{"href":"https:\/\/www.laperlavalles.cat\/fr\/wp-json\/wp\/v2\/product\/196923"}],"collection":[{"href":"https:\/\/www.laperlavalles.cat\/fr\/wp-json\/wp\/v2\/product"}],"about":[{"href":"https:\/\/www.laperlavalles.cat\/fr\/wp-json\/wp\/v2\/types\/product"}],"replies":[{"embeddable":true,"href":"https:\/\/www.laperlavalles.cat\/fr\/wp-json\/wp\/v2\/comments?post=196923"}],"wp:featuredmedia":[{"embeddable":true,"href":"https:\/\/www.laperlavalles.cat\/fr\/wp-json\/wp\/v2\/media\/196906"}],"wp:attachment":[{"href":"https:\/\/www.laperlavalles.cat\/fr\/wp-json\/wp\/v2\/media?parent=196923"}],"wp:term":[{"taxonomy":"product_cat","embeddable":true,"href":"https:\/\/www.laperlavalles.cat\/fr\/wp-json\/wp\/v2\/product_cat?post=196923"},{"taxonomy":"product_tag","embeddable":true,"href":"https:\/\/www.laperlavalles.cat\/fr\/wp-json\/wp\/v2\/product_tag?post=196923"}],"curies":[{"name":"wp","href":"https:\/\/api.w.org\/{rel}","templated":true}]}}