{"id":196963,"date":"2025-06-10T09:00:51","date_gmt":"2025-06-10T07:01:12","guid":{"rendered":"https:\/\/www.laperlavalles.cat\/product\/camille-rose-almond-jai-twisting-butter-8oz\/"},"modified":"2025-06-10T14:20:24","modified_gmt":"2025-06-10T12:20:24","slug":"camille-rose-almond-jai-twisting-butter-8oz","status":"publish","type":"product","link":"https:\/\/www.laperlavalles.cat\/fr\/produit\/camille-rose-almond-jai-twisting-butter-8oz\/","title":{"rendered":"CAMILLE ROSE ALMOND JAI TWISTING BUTTER 8OZ"},"content":{"rendered":"<p>Beurre coiffant nourrissant et adoucissant pour cheveux boucl\u00e9s, ondul\u00e9s ou cr\u00e9pus. Formul\u00e9 avec du lait d\u2019amande, du miel, de l\u2019aloe vera et un m\u00e9lange d\u2019huiles v\u00e9g\u00e9tales (courge, macadamia, olive, s\u00e9same, jojoba, ricin, riz et chanvre), il d\u00e9finit, nourrit et aide \u00e0 allonger la forme naturelle des boucles. Il maintient l\u2019hydratation, stimule la pousse et r\u00e9pare les pointes ab\u00eem\u00e9es. \u00c0 appliquer sur cheveux humides ou secs, comme beurre coiffant ou en soin sans rin\u00e7age pour les cheveux \u00e9pais.<\/p>\n","protected":false},"excerpt":{"rendered":"<p>Beurre coiffant nourrissant et adoucissant pour cheveux boucl\u00e9s, ondul\u00e9s ou cr\u00e9pus. Formul\u00e9 avec du lait d\u2019amande, du miel, de l\u2019aloe vera et un m\u00e9lange d\u2019huiles v\u00e9g\u00e9tales<span class=\"excerpt-hellip\"> [\u2026]<\/span><\/p>\n","protected":false},"featured_media":196946,"comment_status":"open","ping_status":"closed","template":"","meta":[],"product_cat":[8461,24331],"product_tag":[],"_links":{"self":[{"href":"https:\/\/www.laperlavalles.cat\/fr\/wp-json\/wp\/v2\/product\/196963"}],"collection":[{"href":"https:\/\/www.laperlavalles.cat\/fr\/wp-json\/wp\/v2\/product"}],"about":[{"href":"https:\/\/www.laperlavalles.cat\/fr\/wp-json\/wp\/v2\/types\/product"}],"replies":[{"embeddable":true,"href":"https:\/\/www.laperlavalles.cat\/fr\/wp-json\/wp\/v2\/comments?post=196963"}],"wp:featuredmedia":[{"embeddable":true,"href":"https:\/\/www.laperlavalles.cat\/fr\/wp-json\/wp\/v2\/media\/196946"}],"wp:attachment":[{"href":"https:\/\/www.laperlavalles.cat\/fr\/wp-json\/wp\/v2\/media?parent=196963"}],"wp:term":[{"taxonomy":"product_cat","embeddable":true,"href":"https:\/\/www.laperlavalles.cat\/fr\/wp-json\/wp\/v2\/product_cat?post=196963"},{"taxonomy":"product_tag","embeddable":true,"href":"https:\/\/www.laperlavalles.cat\/fr\/wp-json\/wp\/v2\/product_tag?post=196963"}],"curies":[{"name":"wp","href":"https:\/\/api.w.org\/{rel}","templated":true}]}}